{"id":12109,"date":"2025-10-08T17:12:56","date_gmt":"2025-10-08T15:12:56","guid":{"rendered":"https:\/\/test.eprocurement.tv\/?page_id=12109"},"modified":"2025-10-08T17:14:14","modified_gmt":"2025-10-08T15:14:14","slug":"predplatne","status":"publish","type":"page","link":"https:\/\/test.eprocurement.tv\/pl\/predplatne\/","title":{"rendered":"Subskrypcja"},"content":{"rendered":"<style>.kb-row-layout-id12109_9f8665-14 > .kt-row-column-wrap{align-content:start;}:where(.kb-row-layout-id12109_9f8665-14 > .kt-row-column-wrap) > .wp-block-kadence-column{justify-content:start;}.kb-row-layout-id12109_9f8665-14 > .kt-row-column-wrap{column-gap:var(--global-kb-gap-md, 2rem);row-gap:var(--global-kb-gap-md, 2rem);max-width:var(--wp--style--global--content-size);padding-top:var(--global-kb-spacing-sm, 1.5rem);padding-bottom:var(--global-kb-spacing-sm, 1.5rem);grid-template-columns:minmax(0, 1fr);}.kb-row-layout-id12109_9f8665-14 > .kt-row-layout-overlay{opacity:0.30;}@media all and (max-width: 1024px){.kb-row-layout-id12109_9f8665-14 > .kt-row-column-wrap{grid-template-columns:minmax(0, 1fr);}}@media all and (max-width: 767px){.kb-row-layout-id12109_9f8665-14 > .kt-row-column-wrap{grid-template-columns:minmax(0, 1fr);}}<\/style><div class=\"kb-row-layout-wrap kb-row-layout-id12109_9f8665-14 alignnone wp-block-kadence-rowlayout\"><div class=\"kt-row-column-wrap kt-has-1-columns kt-row-layout-equal kt-tab-layout-inherit kt-mobile-layout-row kt-row-valign-top kb-theme-content-width\">\n<style>.kadence-column12109_954cfc-4a > .kt-inside-inner-col,.kadence-column12109_954cfc-4a > .kt-inside-inner-col:before{border-top-left-radius:0px;border-top-right-radius:0px;border-bottom-right-radius:0px;border-bottom-left-radius:0px;}.kadence-column12109_954cfc-4a > .kt-inside-inner-col{column-gap:var(--global-kb-gap-sm, 1rem);}.kadence-column12109_954cfc-4a > .kt-inside-inner-col{flex-direction:column;}.kadence-column12109_954cfc-4a > .kt-inside-inner-col > .aligncenter{width:100%;}.kadence-column12109_954cfc-4a > .kt-inside-inner-col:before{opacity:0.3;}.kadence-column12109_954cfc-4a{position:relative;}@media all and (max-width: 1024px){.kadence-column12109_954cfc-4a > .kt-inside-inner-col{flex-direction:column;justify-content:center;}}@media all and (max-width: 767px){.kadence-column12109_954cfc-4a > .kt-inside-inner-col{flex-direction:column;justify-content:center;}}<\/style>\n<div class=\"wp-block-kadence-column kadence-column12109_954cfc-4a\"><div class=\"kt-inside-inner-col\">\n<h3 class=\"wp-block-heading\">Subskrypcja<\/h3>\n<\/div><\/div>\n\n\n<style>.kadence-column12109_218857-e1 > .kt-inside-inner-col,.kadence-column12109_218857-e1 > .kt-inside-inner-col:before{border-top-left-radius:0px;border-top-right-radius:0px;border-bottom-right-radius:0px;border-bottom-left-radius:0px;}.kadence-column12109_218857-e1 > .kt-inside-inner-col{column-gap:var(--global-kb-gap-sm, 1rem);}.kadence-column12109_218857-e1 > .kt-inside-inner-col{flex-direction:column;}.kadence-column12109_218857-e1 > .kt-inside-inner-col > .aligncenter{width:100%;}.kadence-column12109_218857-e1 > .kt-inside-inner-col:before{opacity:0.3;}.kadence-column12109_218857-e1{position:relative;}@media all and (max-width: 1024px){.kadence-column12109_218857-e1 > .kt-inside-inner-col{flex-direction:column;justify-content:center;}}@media all and (max-width: 767px){.kadence-column12109_218857-e1 > .kt-inside-inner-col{flex-direction:column;justify-content:center;}}<\/style>\n<div class=\"wp-block-kadence-column kadence-column12109_218857-e1\"><div class=\"kt-inside-inner-col\"><div class=\"woocommerce columns-3\"><div class=\"products grid grid-cols-1 sm:grid-cols-2 lg:grid-cols-3 gap-20\">\n\n<article class=\"product-thumb product type-product post-11930 status-publish first instock product_cat-predplatne has-post-thumbnail virtual taxable purchasable product-type-simple\">\n<a href=\"https:\/\/test.eprocurement.tv\/pl\/produkt\/predplaceny-ucet-na-1-rok\/\">\n    <div class=\"shrink-0\">\n        <img loading=\"lazy\" decoding=\"async\" width=\"1920\" height=\"1080\" src=\"https:\/\/test.eprocurement.tv\/wp-content\/uploads\/2025\/10\/firemni-predplatne_zakladni.jpg\" class=\"mb-0 border-b-4 border-blue w-full h-auto  object-scale-down aspect-video\" alt=\"Firemn\u00ed p\u0159edplatn\u00e9 - z\u00e1kladn\u00ed\" srcset=\"https:\/\/test.eprocurement.tv\/wp-content\/uploads\/2025\/10\/firemni-predplatne_zakladni.jpg 1920w, https:\/\/test.eprocurement.tv\/wp-content\/uploads\/2025\/10\/firemni-predplatne_zakladni-300x169.jpg 300w, https:\/\/test.eprocurement.tv\/wp-content\/uploads\/2025\/10\/firemni-predplatne_zakladni-1024x576.jpg 1024w, https:\/\/test.eprocurement.tv\/wp-content\/uploads\/2025\/10\/firemni-predplatne_zakladni-768x432.jpg 768w, https:\/\/test.eprocurement.tv\/wp-content\/uploads\/2025\/10\/firemni-predplatne_zakladni-1536x864.jpg 1536w, https:\/\/test.eprocurement.tv\/wp-content\/uploads\/2025\/10\/firemni-predplatne_zakladni-18x10.jpg 18w, https:\/\/test.eprocurement.tv\/wp-content\/uploads\/2025\/10\/firemni-predplatne_zakladni-600x338.jpg 600w\" sizes=\"auto, (max-width: 1920px) 100vw, 1920px\" \/>    <\/div>\n<!--    <div class=\"flex items-center justify-between my-2\">-->\n<!--        <span>--><!--<\/span>-->\n<!--        <span class=\"inline-flex items-center gap-2\">-->\n<!--            --><!----><!--        <\/span>-->\n<!--    <\/div>-->\n    <h4 class=\"mt-4 line-clamp-2 font-bold\">Firemn\u00ed p\u0159edplatn\u00e9 - z\u00e1kladn\u00ed<\/h4>\n    <p class=\"text-sm text-gray-light mb-6\">\n            <\/p>\n    <div class=\"my-4 text-sm line-clamp-3 overflow-hidden\"><\/div>\n\n    <div class=\"mt-auto pt-0 wp-block-button\">\n        <a href=\"\/pl\/wp-json\/wp\/v2\/pages\/12109?add-to-cart=11930\"\n           class=\"relative wp-block-button__link wp-element-button !py-1 !px-8\"\n                data-product_id=\"11930\" data-product_sku=\"\" aria-label=\"Dodaj do koszyka: \u201eFiremn\u00ed p\u0159edplatn\u00e9 - z\u00e1kladn\u00ed\u201d\" rel=\"nofollow\" data-no-translation-aria-label=\"\"        >\n            Koupit (<span class=\"woocommerce-Price-amount amount\"><bdi>10 000,00<span class=\"woocommerce-Price-currencySymbol\">&#75;&#269;<\/span><\/bdi><\/span>)\n        <\/a>\n<\/a>\n<\/article>\n\n<article class=\"product-thumb product type-product post-11976 status-publish instock product_cat-predplatne has-post-thumbnail virtual taxable purchasable product-type-simple\">\n<a href=\"https:\/\/test.eprocurement.tv\/pl\/produkt\/rocni-predplatne\/\">\n    <div class=\"shrink-0\">\n        <img loading=\"lazy\" decoding=\"async\" width=\"1920\" height=\"1080\" src=\"https:\/\/test.eprocurement.tv\/wp-content\/uploads\/2025\/10\/individualni-predplatne.jpg\" class=\"mb-0 border-b-4 border-blue w-full h-auto  object-scale-down aspect-video\" alt=\"Individu\u00e1ln\u00ed p\u0159edplatn\u00e9\" srcset=\"https:\/\/test.eprocurement.tv\/wp-content\/uploads\/2025\/10\/individualni-predplatne.jpg 1920w, https:\/\/test.eprocurement.tv\/wp-content\/uploads\/2025\/10\/individualni-predplatne-300x169.jpg 300w, https:\/\/test.eprocurement.tv\/wp-content\/uploads\/2025\/10\/individualni-predplatne-1024x576.jpg 1024w, https:\/\/test.eprocurement.tv\/wp-content\/uploads\/2025\/10\/individualni-predplatne-768x432.jpg 768w, https:\/\/test.eprocurement.tv\/wp-content\/uploads\/2025\/10\/individualni-predplatne-1536x864.jpg 1536w, https:\/\/test.eprocurement.tv\/wp-content\/uploads\/2025\/10\/individualni-predplatne-18x10.jpg 18w, https:\/\/test.eprocurement.tv\/wp-content\/uploads\/2025\/10\/individualni-predplatne-600x338.jpg 600w\" sizes=\"auto, (max-width: 1920px) 100vw, 1920px\" \/>    <\/div>\n<!--    <div class=\"flex items-center justify-between my-2\">-->\n<!--        <span>--><!--<\/span>-->\n<!--        <span class=\"inline-flex items-center gap-2\">-->\n<!--            --><!----><!--        <\/span>-->\n<!--    <\/div>-->\n    <h4 class=\"mt-4 line-clamp-2 font-bold\">Individu\u00e1ln\u00ed p\u0159edplatn\u00e9<\/h4>\n    <p class=\"text-sm text-gray-light mb-6\">\n            <\/p>\n    <div class=\"my-4 text-sm line-clamp-3 overflow-hidden\"><\/div>\n\n    <div class=\"mt-auto pt-0 wp-block-button\">\n        <a href=\"\/pl\/wp-json\/wp\/v2\/pages\/12109?add-to-cart=11976\"\n           class=\"relative wp-block-button__link wp-element-button !py-1 !px-8\"\n                data-product_id=\"11976\" data-product_sku=\"\" aria-label=\"Dodaj do koszyka: \u201eIndividu\u00e1ln\u00ed p\u0159edplatn\u00e9\u201d\" rel=\"nofollow\" data-no-translation-aria-label=\"\"        >\n            Koupit (<span class=\"woocommerce-Price-amount amount\"><bdi>4 900,00<span class=\"woocommerce-Price-currencySymbol\">&#75;&#269;<\/span><\/bdi><\/span>)\n        <\/a>\n<\/a>\n<\/article>\n\n<article class=\"product-thumb product type-product post-10975 status-publish last instock product_cat-predplatne has-post-thumbnail virtual taxable purchasable product-type-simple\">\n<a href=\"https:\/\/test.eprocurement.tv\/pl\/produkt\/vip-clen\/\">\n    <div class=\"shrink-0\">\n        <img loading=\"lazy\" decoding=\"async\" width=\"1920\" height=\"1080\" src=\"https:\/\/test.eprocurement.tv\/wp-content\/uploads\/2025\/10\/firemni-predplatne_extra.jpg\" class=\"mb-0 border-b-4 border-blue w-full h-auto  object-scale-down aspect-video\" alt=\"Firemn\u00ed p\u0159edplatn\u00e9 - EXTRA\" srcset=\"https:\/\/test.eprocurement.tv\/wp-content\/uploads\/2025\/10\/firemni-predplatne_extra.jpg 1920w, https:\/\/test.eprocurement.tv\/wp-content\/uploads\/2025\/10\/firemni-predplatne_extra-300x169.jpg 300w, https:\/\/test.eprocurement.tv\/wp-content\/uploads\/2025\/10\/firemni-predplatne_extra-1024x576.jpg 1024w, https:\/\/test.eprocurement.tv\/wp-content\/uploads\/2025\/10\/firemni-predplatne_extra-768x432.jpg 768w, https:\/\/test.eprocurement.tv\/wp-content\/uploads\/2025\/10\/firemni-predplatne_extra-1536x864.jpg 1536w, https:\/\/test.eprocurement.tv\/wp-content\/uploads\/2025\/10\/firemni-predplatne_extra-18x10.jpg 18w, https:\/\/test.eprocurement.tv\/wp-content\/uploads\/2025\/10\/firemni-predplatne_extra-600x338.jpg 600w\" sizes=\"auto, (max-width: 1920px) 100vw, 1920px\" \/>    <\/div>\n<!--    <div class=\"flex items-center justify-between my-2\">-->\n<!--        <span>--><!--<\/span>-->\n<!--        <span class=\"inline-flex items-center gap-2\">-->\n<!--            --><!----><!--        <\/span>-->\n<!--    <\/div>-->\n    <h4 class=\"mt-4 line-clamp-2 font-bold\">Firemn\u00ed p\u0159edplatn\u00e9 - EXTRA<\/h4>\n    <p class=\"text-sm text-gray-light mb-6\">\n            <\/p>\n    <div class=\"my-4 text-sm line-clamp-3 overflow-hidden\"><\/div>\n\n    <div class=\"mt-auto pt-0 wp-block-button\">\n        <a href=\"\/pl\/wp-json\/wp\/v2\/pages\/12109?add-to-cart=10975\"\n           class=\"relative wp-block-button__link wp-element-button !py-1 !px-8\"\n                data-product_id=\"10975\" data-product_sku=\"\" aria-label=\"Dodaj do koszyka: \u201eFiremn\u00ed p\u0159edplatn\u00e9 - EXTRA\u201d\" rel=\"nofollow\" data-no-translation-aria-label=\"\"        >\n            Koupit (<span class=\"woocommerce-Price-amount amount\"><bdi>35 000,00<span class=\"woocommerce-Price-currencySymbol\">&#75;&#269;<\/span><\/bdi><\/span>)\n        <\/a>\n<\/a>\n<\/article>\n\n<article class=\"product-thumb product type-product post-10981 status-publish first instock product_cat-predplatne has-post-thumbnail virtual taxable purchasable product-type-simple\">\n<a href=\"https:\/\/test.eprocurement.tv\/pl\/produkt\/kolektivni-clen-predplatne-1-rok\/\">\n    <div class=\"shrink-0\">\n        <img loading=\"lazy\" decoding=\"async\" width=\"1920\" height=\"1080\" src=\"https:\/\/test.eprocurement.tv\/wp-content\/uploads\/2025\/10\/firemni-predplatne_kolektivni.jpg\" class=\"mb-0 border-b-4 border-blue w-full h-auto  object-scale-down aspect-video\" alt=\"Firemn\u00ed p\u0159edplatn\u00e9 - kolektivn\u00ed\" srcset=\"https:\/\/test.eprocurement.tv\/wp-content\/uploads\/2025\/10\/firemni-predplatne_kolektivni.jpg 1920w, https:\/\/test.eprocurement.tv\/wp-content\/uploads\/2025\/10\/firemni-predplatne_kolektivni-300x169.jpg 300w, https:\/\/test.eprocurement.tv\/wp-content\/uploads\/2025\/10\/firemni-predplatne_kolektivni-1024x576.jpg 1024w, https:\/\/test.eprocurement.tv\/wp-content\/uploads\/2025\/10\/firemni-predplatne_kolektivni-768x432.jpg 768w, https:\/\/test.eprocurement.tv\/wp-content\/uploads\/2025\/10\/firemni-predplatne_kolektivni-1536x864.jpg 1536w, https:\/\/test.eprocurement.tv\/wp-content\/uploads\/2025\/10\/firemni-predplatne_kolektivni-18x10.jpg 18w, https:\/\/test.eprocurement.tv\/wp-content\/uploads\/2025\/10\/firemni-predplatne_kolektivni-600x338.jpg 600w\" sizes=\"auto, (max-width: 1920px) 100vw, 1920px\" \/>    <\/div>\n<!--    <div class=\"flex items-center justify-between my-2\">-->\n<!--        <span>--><!--<\/span>-->\n<!--        <span class=\"inline-flex items-center gap-2\">-->\n<!--            --><!----><!--        <\/span>-->\n<!--    <\/div>-->\n    <h4 class=\"mt-4 line-clamp-2 font-bold\">Firemn\u00ed p\u0159edplatn\u00e9 - kolektivn\u00ed<\/h4>\n    <p class=\"text-sm text-gray-light mb-6\">\n            <\/p>\n    <div class=\"my-4 text-sm line-clamp-3 overflow-hidden\"><\/div>\n\n    <div class=\"mt-auto pt-0 wp-block-button\">\n        <a href=\"\/pl\/wp-json\/wp\/v2\/pages\/12109?add-to-cart=10981\"\n           class=\"relative wp-block-button__link wp-element-button !py-1 !px-8\"\n                data-product_id=\"10981\" data-product_sku=\"\" aria-label=\"Dodaj do koszyka: \u201eFiremn\u00ed p\u0159edplatn\u00e9 - kolektivn\u00ed\u201d\" rel=\"nofollow\" data-no-translation-aria-label=\"\"        >\n            Koupit (<span class=\"woocommerce-Price-amount amount\"><bdi>20 000,00<span class=\"woocommerce-Price-currencySymbol\">&#75;&#269;<\/span><\/bdi><\/span>)\n        <\/a>\n<\/a>\n<\/article>\n<\/div>\n<\/div>\n<\/div><\/div>\n\n<\/div><\/div>","protected":false},"excerpt":{"rendered":"<p>Subskrypcja<\/p>","protected":false},"author":145,"featured_media":0,"parent":0,"menu_order":0,"comment_status":"closed","ping_status":"closed","template":"","meta":{"_acf_changed":false,"inline_featured_image":false,"footnotes":""},"class_list":["post-12109","page","type-page","status-publish","hentry"],"acf":[],"_links":{"self":[{"href":"https:\/\/test.eprocurement.tv\/pl\/wp-json\/wp\/v2\/pages\/12109","targetHints":{"allow":["GET"]}}],"collection":[{"href":"https:\/\/test.eprocurement.tv\/pl\/wp-json\/wp\/v2\/pages"}],"about":[{"href":"https:\/\/test.eprocurement.tv\/pl\/wp-json\/wp\/v2\/types\/page"}],"author":[{"embeddable":true,"href":"https:\/\/test.eprocurement.tv\/pl\/wp-json\/wp\/v2\/users\/145"}],"replies":[{"embeddable":true,"href":"https:\/\/test.eprocurement.tv\/pl\/wp-json\/wp\/v2\/comments?post=12109"}],"version-history":[{"count":2,"href":"https:\/\/test.eprocurement.tv\/pl\/wp-json\/wp\/v2\/pages\/12109\/revisions"}],"predecessor-version":[{"id":12111,"href":"https:\/\/test.eprocurement.tv\/pl\/wp-json\/wp\/v2\/pages\/12109\/revisions\/12111"}],"wp:attachment":[{"href":"https:\/\/test.eprocurement.tv\/pl\/wp-json\/wp\/v2\/media?parent=12109"}],"curies":[{"name":"wp","href":"https:\/\/api.w.org\/{rel}","templated":true}]}}