{"id":29,"date":"2023-10-04T19:57:47","date_gmt":"2023-10-04T17:57:47","guid":{"rendered":"http:\/\/eprocurement.marketing-pardubice.cz\/index.php\/muj-ucet\/"},"modified":"2025-12-07T19:28:09","modified_gmt":"2025-12-07T18:28:09","slug":"muj-ucet","status":"publish","type":"page","link":"https:\/\/test.eprocurement.tv\/pl\/muj-ucet\/","title":{"rendered":"M\u016fj \u00fa\u010det"},"content":{"rendered":"<style>.kb-row-layout-id29_caf7ef-92 > .kt-row-column-wrap{align-content:start;}:where(.kb-row-layout-id29_caf7ef-92 > .kt-row-column-wrap) > .wp-block-kadence-column{justify-content:start;}.kb-row-layout-id29_caf7ef-92 > .kt-row-column-wrap{column-gap:var(--global-kb-gap-md, 2rem);row-gap:var(--global-kb-gap-md, 2rem);max-width:var(--wp--style--global--content-size);padding-top:var(--global-kb-spacing-sm, 1.5rem);padding-bottom:var(--global-kb-spacing-sm, 1.5rem);grid-template-columns:minmax(0, 1fr);}.kb-row-layout-id29_caf7ef-92 > .kt-row-layout-overlay{opacity:0.30;}@media all and (max-width: 1024px){.kb-row-layout-id29_caf7ef-92 > .kt-row-column-wrap{grid-template-columns:minmax(0, 1fr);}}@media all and (max-width: 767px){.kb-row-layout-id29_caf7ef-92 > .kt-row-column-wrap{grid-template-columns:minmax(0, 1fr);}}<\/style><div class=\"kb-row-layout-wrap kb-row-layout-id29_caf7ef-92 alignnone wp-block-kadence-rowlayout\"><div class=\"kt-row-column-wrap kt-has-1-columns kt-row-layout-equal kt-tab-layout-inherit kt-mobile-layout-row kt-row-valign-top kb-theme-content-width\">\n<style>.kadence-column29_284855-0b > .kt-inside-inner-col,.kadence-column29_284855-0b > .kt-inside-inner-col:before{border-top-left-radius:0px;border-top-right-radius:0px;border-bottom-right-radius:0px;border-bottom-left-radius:0px;}.kadence-column29_284855-0b > .kt-inside-inner-col{column-gap:var(--global-kb-gap-sm, 1rem);}.kadence-column29_284855-0b > .kt-inside-inner-col{flex-direction:column;}.kadence-column29_284855-0b > .kt-inside-inner-col > .aligncenter{width:100%;}.kadence-column29_284855-0b > .kt-inside-inner-col:before{opacity:0.3;}.kadence-column29_284855-0b{position:relative;}@media all and (max-width: 1024px){.kadence-column29_284855-0b > .kt-inside-inner-col{flex-direction:column;justify-content:center;}}@media all and (max-width: 767px){.kadence-column29_284855-0b > .kt-inside-inner-col{flex-direction:column;justify-content:center;}}<\/style>\n<div class=\"wp-block-kadence-column kadence-column29_284855-0b\"><div class=\"kt-inside-inner-col\"><div class=\"woocommerce\"><div class=\"woocommerce-notices-wrapper\"><\/div>\n\n<div class=\"u-columns col2-set\" id=\"customer_login\">\n\n\t<div class=\"u-column1 col-1\">\n\n\n\t\t<h2 data-no-translation=\"\" data-trp-gettext=\"\">Logowanie<\/h2>\n\n\t\t<form class=\"woocommerce-form woocommerce-form-login login\" method=\"post\" novalidate action=\"\">\n\n\t\t\t\n\t\t\t<p class=\"woocommerce-form-row woocommerce-form-row--wide form-row form-row-wide\">\n\t\t\t\t<label for=\"username\">Nazwa u\u017cytkownika lub adres e-mail&nbsp;<span class=\"required\" aria-hidden=\"true\">*<\/span><span class=\"screen-reader-text\" data-no-translation=\"\" data-trp-gettext=\"\">Wymagane<\/span><\/label>\n\t\t\t\t<input type=\"text\" class=\"woocommerce-Input woocommerce-Input--text input-text\" name=\"username\" id=\"username\" autocomplete=\"username\" value=\"\" required aria-required=\"true\" \/>\t\t\t<\/p>\n\t\t\t<p class=\"woocommerce-form-row woocommerce-form-row--wide form-row form-row-wide\">\n\t\t\t\t<label for=\"password\">Has\u0142o&nbsp;<span class=\"required\" aria-hidden=\"true\">*<\/span><span class=\"screen-reader-text\" data-no-translation=\"\" data-trp-gettext=\"\">Wymagane<\/span><\/label>\n\t\t\t\t<input class=\"woocommerce-Input woocommerce-Input--text input-text\" type=\"password\" name=\"password\" id=\"password\" autocomplete=\"current-password\" required aria-required=\"true\" \/>\n\t\t\t<\/p>\n\n\t\t\t\n\t\t\t<p class=\"form-row\">\n\t\t\t\t<label class=\"woocommerce-form__label woocommerce-form__label-for-checkbox woocommerce-form-login__rememberme\">\n\t\t\t\t\t<input class=\"woocommerce-form__input woocommerce-form__input-checkbox\" name=\"rememberme\" type=\"checkbox\" id=\"rememberme\" value=\"forever\" \/> <span data-no-translation=\"\" data-trp-gettext=\"\">Zapami\u0119taj mnie<\/span>\n\t\t\t\t<\/label>\n\t\t\t\t<input type=\"hidden\" id=\"woocommerce-login-nonce\" name=\"woocommerce-login-nonce\" value=\"9fd85db3e7\" \/><input type=\"hidden\" name=\"_wp_http_referer\" value=\"\/pl\/wp-json\/wp\/v2\/pages\/29\" \/>\t\t\t\t<button type=\"submit\" class=\"woocommerce-button button woocommerce-form-login__submit\" name=\"login\" value=\"Zaloguj si\u0119\" data-no-translation=\"\" data-trp-gettext=\"\" data-no-translation-value=\"\">Zaloguj si\u0119<\/button>\n\t\t\t<\/p>\n\t\t\t<p class=\"woocommerce-LostPassword lost_password\">\n\t\t\t\t<a href=\"https:\/\/test.eprocurement.tv\/pl\/muj-ucet\/lost-password\/\" data-no-translation=\"\" data-trp-gettext=\"\">Nie pami\u0119tasz has\u0142a?<\/a>\n\t\t\t<\/p>\n\n\t\t\t\n\t\t<input type=\"hidden\" name=\"trp-form-language\" value=\"pl\"\/><\/form>\n\n\n\t<\/div>\n\n\t<div class=\"u-column2 col-2\">\n\n\t\t<h2 data-no-translation=\"\" data-trp-gettext=\"\">Zarejestruj si\u0119<\/h2>\n\n\t\t<form method=\"post\" class=\"woocommerce-form woocommerce-form-register register\" action=\"\"  >\n\n\t\t\t\n\t\t\t\n\t\t\t<p class=\"woocommerce-form-row woocommerce-form-row--wide form-row form-row-wide\">\n\t\t\t\t<label for=\"reg_email\">Adres e-mail&nbsp;<span class=\"required\" aria-hidden=\"true\">*<\/span><span class=\"screen-reader-text\" data-no-translation=\"\" data-trp-gettext=\"\">Wymagane<\/span><\/label>\n\t\t\t\t<input type=\"email\" class=\"woocommerce-Input woocommerce-Input--text input-text\" name=\"email\" id=\"reg_email\" autocomplete=\"email\" value=\"\" required aria-required=\"true\" \/>\t\t\t<\/p>\n\n\t\t\t\n\t\t\t\t<p data-no-translation=\"\" data-trp-gettext=\"\">Na adres e-mail zostanie wys\u0142any odno\u015bnik do ustawienia nowego has\u0142a.<\/p>\n\n\t\t\t\n\t\t\t    <div class=\"flex flex-col gap-2 w-full max-w-sm\">\n\t\t<label for=\"reg_billing_first_name\" class=\"text-sm\">Imi\u0119 <span class=\"required\">*<\/span><\/label>\n\t\t<input type=\"text\" name=\"billing_first_name\" id=\"reg_billing_first_name\"  class=\"bg-white border border-gray-300 text-black text-sm rounded-full focus:ring-blue focus:border-blue block w-full p-2.5\" value=\"\" required>\n    <\/div>\n\n    <div class=\"flex flex-col gap-2 w-full max-w-sm\">\n\t\t<label for=\"reg_billing_last_name\" class=\"text-sm\">Nazwisko <span class=\"required\">*<\/span><\/label>\n\t\t<input type=\"text\" name=\"billing_last_name\" id=\"reg_billing_last_name\"  class=\"bg-white border border-gray-300 text-black text-sm rounded-full focus:ring-blue focus:border-blue block w-full p-2.5\" value=\"\" required>\n    <\/div>\n\n\t<div class=\"clear\"><\/div>\n\t<wc-order-attribution-inputs><\/wc-order-attribution-inputs><div class=\"woocommerce-privacy-policy-text\"><p>Va\u0161e osobn\u00ed \u00fadaje budou pou\u017eity ke spr\u00e1v\u011b p\u0159\u00edstupu do va\u0161eho \u00fa\u010dtu a k dal\u0161\u00edm \u00fa\u010del\u016fm popsan\u00fdm na str\u00e1nce <a href=\"https:\/\/test.eprocurement.tv\/pl\/ochrana-osobnich-udaju\/\" class=\"woocommerce-privacy-policy-link\" target=\"_blank\" data-no-translation=\"\" data-trp-gettext=\"\">polityka prywatno\u015bci<\/a>.<\/p>\n<\/div>\n\t\t\t<p class=\"woocommerce-form-row form-row\">\n\t\t\t\t<input type=\"hidden\" id=\"woocommerce-register-nonce\" name=\"woocommerce-register-nonce\" value=\"5be260a443\" \/><input type=\"hidden\" name=\"_wp_http_referer\" value=\"\/pl\/wp-json\/wp\/v2\/pages\/29\" \/>\t\t\t\t<button type=\"submit\" class=\"woocommerce-Button woocommerce-button button woocommerce-form-register__submit\" name=\"register\" value=\"Zarejestruj si\u0119\" data-no-translation=\"\" data-trp-gettext=\"\" data-no-translation-value=\"\">Zarejestruj si\u0119<\/button>\n\t\t\t<\/p>\n\n\t\t\t\n\t\t<input type=\"hidden\" name=\"trp-form-language\" value=\"pl\"\/><\/form>\n\n\t<\/div>\n\n<\/div>\n\n<\/div>\n<\/div><\/div>\n\n<\/div><\/div>\n\n<style>.kb-row-layout-id29_3d44eb-19 > .kt-row-column-wrap{align-content:start;}:where(.kb-row-layout-id29_3d44eb-19 > .kt-row-column-wrap) > .wp-block-kadence-column{justify-content:start;}.kb-row-layout-id29_3d44eb-19 > .kt-row-column-wrap{column-gap:var(--global-kb-gap-md, 2rem);row-gap:var(--global-kb-gap-md, 2rem);max-width:var(--wp--style--global--content-size);padding-top:var(--global-kb-spacing-sm, 1.5rem);padding-bottom:var(--global-kb-spacing-sm, 1.5rem);grid-template-columns:minmax(0, 1fr);}.kb-row-layout-id29_3d44eb-19 > .kt-row-layout-overlay{opacity:0.30;}@media all and (max-width: 1024px){.kb-row-layout-id29_3d44eb-19 > .kt-row-column-wrap{grid-template-columns:minmax(0, 1fr);}}@media all and (max-width: 767px){.kb-row-layout-id29_3d44eb-19 > .kt-row-column-wrap{grid-template-columns:minmax(0, 1fr);}}<\/style><div class=\"kb-row-layout-wrap kb-row-layout-id29_3d44eb-19 alignnone wp-block-kadence-rowlayout\"><div class=\"kt-row-column-wrap kt-has-1-columns kt-row-layout-equal kt-tab-layout-inherit kt-mobile-layout-row kt-row-valign-top kb-theme-content-width\">\n<style>.kadence-column29_2a81d8-92 > .kt-inside-inner-col,.kadence-column29_2a81d8-92 > .kt-inside-inner-col:before{border-top-left-radius:0px;border-top-right-radius:0px;border-bottom-right-radius:0px;border-bottom-left-radius:0px;}.kadence-column29_2a81d8-92 > .kt-inside-inner-col{column-gap:var(--global-kb-gap-sm, 1rem);}.kadence-column29_2a81d8-92 > .kt-inside-inner-col{flex-direction:column;}.kadence-column29_2a81d8-92 > .kt-inside-inner-col > .aligncenter{width:100%;}.kadence-column29_2a81d8-92 > .kt-inside-inner-col:before{opacity:0.3;}.kadence-column29_2a81d8-92{position:relative;}@media all and (max-width: 1024px){.kadence-column29_2a81d8-92 > .kt-inside-inner-col{flex-direction:column;justify-content:center;}}@media all and (max-width: 767px){.kadence-column29_2a81d8-92 > .kt-inside-inner-col{flex-direction:column;justify-content:center;}}<\/style>\n<div class=\"wp-block-kadence-column kadence-column29_2a81d8-92\"><div class=\"kt-inside-inner-col\">\n<div class=\"wp-block-group has-background is-content-justification-space-between is-nowrap is-layout-flex wp-container-core-group-is-layout-82b4f5ea wp-block-group-is-layout-flex\" style=\"border-width:1px;border-radius:16px;background-color:#15a6ff1a;padding-top:30px;padding-right:30px;padding-bottom:30px;padding-left:30px\"><style>.kadence-column29_4dccd4-fb > .kt-inside-inner-col{display:flex;}.kadence-column29_4dccd4-fb > .kt-inside-inner-col,.kadence-column29_4dccd4-fb > .kt-inside-inner-col:before{border-top-left-radius:0px;border-top-right-radius:0px;border-bottom-right-radius:0px;border-bottom-left-radius:0px;}.kadence-column29_4dccd4-fb > .kt-inside-inner-col{row-gap:var(--global-kb-gap-none, 0rem );column-gap:var(--global-kb-gap-sm, 1rem);}.kadence-column29_4dccd4-fb > .kt-inside-inner-col{flex-direction:column;}.kadence-column29_4dccd4-fb > .kt-inside-inner-col > .aligncenter{width:100%;}.kadence-column29_4dccd4-fb > .kt-inside-inner-col:before{opacity:0.3;}.kadence-column29_4dccd4-fb{position:relative;}@media all and (max-width: 1024px){.kadence-column29_4dccd4-fb > .kt-inside-inner-col{flex-direction:column;justify-content:center;}}@media all and (max-width: 767px){.kadence-column29_4dccd4-fb > .kt-inside-inner-col{flex-direction:column;justify-content:center;}}<\/style>\n<div class=\"wp-block-kadence-column kadence-column29_4dccd4-fb\"><div class=\"kt-inside-inner-col\"><style>.kadence-column29_142717-04 > .kt-inside-inner-col{display:flex;}.kadence-column29_142717-04 > .kt-inside-inner-col{padding-bottom:var(--global-kb-spacing-sm, 1.5rem);}.kadence-column29_142717-04 > .kt-inside-inner-col,.kadence-column29_142717-04 > .kt-inside-inner-col:before{border-top-left-radius:0px;border-top-right-radius:0px;border-bottom-right-radius:0px;border-bottom-left-radius:0px;}.kadence-column29_142717-04 > .kt-inside-inner-col{row-gap:var(--global-kb-gap-sm, 1rem);column-gap:var(--global-kb-gap-none, 0rem );}.kadence-column29_142717-04 > .kt-inside-inner-col{flex-direction:row;flex-wrap:wrap;align-items:flex-start;justify-content:flex-start;}.kadence-column29_142717-04 > .kt-inside-inner-col > *, .kadence-column29_142717-04 > .kt-inside-inner-col > figure.wp-block-image, .kadence-column29_142717-04 > .kt-inside-inner-col > figure.wp-block-kadence-image{margin-top:0px;margin-bottom:0px;}.kadence-column29_142717-04 > .kt-inside-inner-col > .kb-image-is-ratio-size{flex-grow:1;}.kt-row-column-wrap > .kadence-column29_142717-04{align-self:flex-start;}.kt-inner-column-height-full:not(.kt-has-1-columns) > .wp-block-kadence-column.kadence-column29_142717-04{align-self:auto;}.kt-inner-column-height-full:not(.kt-has-1-columns) > .wp-block-kadence-column.kadence-column29_142717-04 > .kt-inside-inner-col{align-items:flex-start;}.kadence-column29_142717-04 > .kt-inside-inner-col:before{opacity:0.3;}.kadence-column29_142717-04{position:relative;}@media all and (max-width: 1024px){.kt-row-column-wrap > .kadence-column29_142717-04{align-self:flex-start;}}@media all and (max-width: 1024px){.kt-inner-column-height-full:not(.kt-has-1-columns) > .wp-block-kadence-column.kadence-column29_142717-04{align-self:auto;}}@media all and (max-width: 1024px){.kt-inner-column-height-full:not(.kt-has-1-columns) > .wp-block-kadence-column.kadence-column29_142717-04 > .kt-inside-inner-col{align-items:flex-start;}}@media all and (max-width: 1024px){.kadence-column29_142717-04 > .kt-inside-inner-col{flex-direction:row;flex-wrap:wrap;align-items:flex-start;justify-content:flex-start;}}@media all and (min-width: 768px) and (max-width: 1024px){.kadence-column29_142717-04 > .kt-inside-inner-col > *, .kadence-column29_142717-04 > .kt-inside-inner-col > figure.wp-block-image, .kadence-column29_142717-04 > .kt-inside-inner-col > figure.wp-block-kadence-image{margin-top:0px;margin-bottom:0px;}.kadence-column29_142717-04 > .kt-inside-inner-col > .kb-image-is-ratio-size{flex-grow:1;}}@media all and (max-width: 767px){.kt-row-column-wrap > .kadence-column29_142717-04{align-self:flex-start;}.kt-inner-column-height-full:not(.kt-has-1-columns) > .wp-block-kadence-column.kadence-column29_142717-04{align-self:auto;}.kt-inner-column-height-full:not(.kt-has-1-columns) > .wp-block-kadence-column.kadence-column29_142717-04 > .kt-inside-inner-col{align-items:flex-start;}.kadence-column29_142717-04 > .kt-inside-inner-col{flex-direction:row;flex-wrap:wrap;justify-content:flex-start;justify-content:flex-start;}.kadence-column29_142717-04 > .kt-inside-inner-col > *, .kadence-column29_142717-04 > .kt-inside-inner-col > figure.wp-block-image, .kadence-column29_142717-04 > .kt-inside-inner-col > figure.wp-block-kadence-image{margin-top:0px;margin-bottom:0px;}.kadence-column29_142717-04 > .kt-inside-inner-col > .kb-image-is-ratio-size{flex-grow:1;}}<\/style>\n<div class=\"wp-block-kadence-column kadence-column29_142717-04 kb-section-dir-horizontal\"><div class=\"kt-inside-inner-col\">\n<div class=\"wp-block-group is-nowrap is-layout-flex wp-container-core-group-is-layout-e07b47cb wp-block-group-is-layout-flex\" style=\"padding-right:var(--wp--preset--spacing--20);padding-left:0\">\n<h4 class=\"wp-block-heading\">Po\u0159i\u010fte si <\/h4>\n<\/div>\n\n\n\n<h4 class=\"wp-block-heading has-primary-color has-text-color has-link-color wp-elements-1f36cc33455ba21d1a47f00bd66c1ed7\">p\u0159edplacen\u00fd \u00fa\u010det<\/h4>\n<\/div><\/div>\n\n\n\n<p>Zakoupen\u00edm p\u0159edplacen\u00e9ho \u00fa\u010dtu budete m\u00edt <br>p\u0159\u00edstup ke v\u0161em vide\u00edm a podcast\u016fm v archivu <br>eProcurement TV.<\/p>\n\n\n<style>.wp-block-kadence-advancedbtn.kb-btns29_a22473-3f{padding-top:var(--global-kb-spacing-xs, 1rem);gap:var(--global-kb-gap-xs, 0.5rem );justify-content:flex-start;align-items:center;}.kt-btns29_a22473-3f .kt-button{font-weight:normal;font-style:normal;}.kt-btns29_a22473-3f .kt-btn-wrap-0{margin-right:5px;}.wp-block-kadence-advancedbtn.kt-btns29_a22473-3f .kt-btn-wrap-0 .kt-button{color:#555555;border-color:#555555;}.wp-block-kadence-advancedbtn.kt-btns29_a22473-3f .kt-btn-wrap-0 .kt-button:hover, .wp-block-kadence-advancedbtn.kt-btns29_a22473-3f .kt-btn-wrap-0 .kt-button:focus{color:#ffffff;border-color:#444444;}.wp-block-kadence-advancedbtn.kt-btns29_a22473-3f .kt-btn-wrap-0 .kt-button::before{display:none;}.wp-block-kadence-advancedbtn.kt-btns29_a22473-3f .kt-btn-wrap-0 .kt-button:hover, .wp-block-kadence-advancedbtn.kt-btns29_a22473-3f .kt-btn-wrap-0 .kt-button:focus{background:#444444;}<\/style>\n<div class=\"wp-block-kadence-advancedbtn kb-buttons-wrap kb-btns29_a22473-3f\"><style>ul.menu .wp-block-kadence-advancedbtn .kb-btn29_698ccd-c4.kb-button{width:initial;}.wp-block-kadence-advancedbtn .kb-btn29_698ccd-c4.kb-button{color:var(--color-black, #000000);background:var(--color-primary, #FFB606);font-size:var(--global-kb-font-size-sm, 0.9rem);}<\/style><a class=\"kb-button kt-button button kb-btn29_698ccd-c4 kt-btn-size-standard kt-btn-width-type-auto kb-btn-global-inherit  kt-btn-has-text-true kt-btn-has-svg-false  wp-block-button__link wp-block-kadence-singlebtn\" href=\"https:\/\/test.eprocurement.tv\/pl\/predplatne\/\"><span class=\"kt-btn-inner-text\">Przejd\u017a do sklepu<\/span><\/a><\/div>\n<\/div><\/div>\n\n\n\n<p> <\/p>\n\n\n<style>.kadence-column29_aa3a53-cb > .kt-inside-inner-col{display:flex;}.kadence-column29_aa3a53-cb > .kt-inside-inner-col,.kadence-column29_aa3a53-cb > .kt-inside-inner-col:before{border-top-left-radius:0px;border-top-right-radius:0px;border-bottom-right-radius:0px;border-bottom-left-radius:0px;}.kadence-column29_aa3a53-cb > .kt-inside-inner-col{column-gap:var(--global-kb-gap-sm, 1rem);}.kadence-column29_aa3a53-cb > .kt-inside-inner-col{flex-direction:column;justify-content:center;align-items:flex-end;}.kadence-column29_aa3a53-cb > .kt-inside-inner-col > .kb-image-is-ratio-size{align-self:stretch;}.kadence-column29_aa3a53-cb > .kt-inside-inner-col > .wp-block-kadence-advancedgallery{align-self:stretch;}.kadence-column29_aa3a53-cb > .kt-inside-inner-col > .aligncenter{width:100%;}.kt-row-column-wrap > .kadence-column29_aa3a53-cb{align-self:center;}.kt-inner-column-height-full:not(.kt-has-1-columns) > .wp-block-kadence-column.kadence-column29_aa3a53-cb{align-self:auto;}.kt-inner-column-height-full:not(.kt-has-1-columns) > .wp-block-kadence-column.kadence-column29_aa3a53-cb > .kt-inside-inner-col{flex-direction:column;justify-content:center;}.kadence-column29_aa3a53-cb > .kt-inside-inner-col:before{opacity:0.3;}.kadence-column29_aa3a53-cb{position:relative;}@media all and (max-width: 1024px){.kt-row-column-wrap > .kadence-column29_aa3a53-cb{align-self:center;}}@media all and (max-width: 1024px){.kt-inner-column-height-full:not(.kt-has-1-columns) > .wp-block-kadence-column.kadence-column29_aa3a53-cb{align-self:auto;}}@media all and (max-width: 1024px){.kt-inner-column-height-full:not(.kt-has-1-columns) > .wp-block-kadence-column.kadence-column29_aa3a53-cb > .kt-inside-inner-col{flex-direction:column;justify-content:center;}}@media all and (max-width: 1024px){.kadence-column29_aa3a53-cb > .kt-inside-inner-col{flex-direction:column;justify-content:center;align-items:flex-end;}}@media all and (max-width: 767px){.kt-row-column-wrap > .kadence-column29_aa3a53-cb{align-self:center;}.kt-inner-column-height-full:not(.kt-has-1-columns) > .wp-block-kadence-column.kadence-column29_aa3a53-cb{align-self:auto;}.kt-inner-column-height-full:not(.kt-has-1-columns) > .wp-block-kadence-column.kadence-column29_aa3a53-cb > .kt-inside-inner-col{flex-direction:column;justify-content:center;}.kadence-column29_aa3a53-cb > .kt-inside-inner-col{flex-direction:column;justify-content:center;align-items:flex-end;}}<\/style>\n<div class=\"wp-block-kadence-column kadence-column29_aa3a53-cb kb-section-dir-vertical\"><div class=\"kt-inside-inner-col\">\n<figure class=\"wp-block-image size-full is-resized\"><img loading=\"lazy\" decoding=\"async\" width=\"498\" height=\"281\" src=\"http:\/\/eprocurement.localhost\/wp-content\/uploads\/2025\/08\/devices-1.png\" alt=\"\" class=\"wp-image-11555\" style=\"width:336px;height:auto\" srcset=\"https:\/\/test.eprocurement.tv\/wp-content\/uploads\/2025\/08\/devices-1.png 498w, https:\/\/test.eprocurement.tv\/wp-content\/uploads\/2025\/08\/devices-1-300x169.png 300w, https:\/\/test.eprocurement.tv\/wp-content\/uploads\/2025\/08\/devices-1-18x10.png 18w\" sizes=\"auto, (max-width: 498px) 100vw, 498px\" \/><\/figure>\n<\/div><\/div>\n<\/div>\n<\/div><\/div>\n\n<\/div><\/div>\n\n\n<p><\/p>","protected":false},"excerpt":{"rendered":"<p>Po\u0159i\u010fte si p\u0159edplacen\u00fd \u00fa\u010det Zakoupen\u00edm p\u0159edplacen\u00e9ho \u00fa\u010dtu budete m\u00edt p\u0159\u00edstup ke v\u0161em vide\u00edm a podcast\u016fm v archivu eProcurement TV.<\/p>","protected":false},"author":5,"featured_media":0,"parent":0,"menu_order":0,"comment_status":"closed","ping_status":"closed","template":"","meta":{"_acf_changed":false,"inline_featured_image":false,"footnotes":""},"class_list":["post-29","page","type-page","status-publish","hentry"],"acf":[],"_links":{"self":[{"href":"https:\/\/test.eprocurement.tv\/pl\/wp-json\/wp\/v2\/pages\/29","targetHints":{"allow":["GET"]}}],"collection":[{"href":"https:\/\/test.eprocurement.tv\/pl\/wp-json\/wp\/v2\/pages"}],"about":[{"href":"https:\/\/test.eprocurement.tv\/pl\/wp-json\/wp\/v2\/types\/page"}],"author":[{"embeddable":true,"href":"https:\/\/test.eprocurement.tv\/pl\/wp-json\/wp\/v2\/users\/5"}],"replies":[{"embeddable":true,"href":"https:\/\/test.eprocurement.tv\/pl\/wp-json\/wp\/v2\/comments?post=29"}],"version-history":[{"count":112,"href":"https:\/\/test.eprocurement.tv\/pl\/wp-json\/wp\/v2\/pages\/29\/revisions"}],"predecessor-version":[{"id":12491,"href":"https:\/\/test.eprocurement.tv\/pl\/wp-json\/wp\/v2\/pages\/29\/revisions\/12491"}],"wp:attachment":[{"href":"https:\/\/test.eprocurement.tv\/pl\/wp-json\/wp\/v2\/media?parent=29"}],"curies":[{"name":"wp","href":"https:\/\/api.w.org\/{rel}","templated":true}]}}