{"id":4551,"date":"2023-10-14T11:52:37","date_gmt":"2023-10-14T09:52:37","guid":{"rendered":"https:\/\/eprocurement.marketing-pardubice.cz\/?page_id=4551"},"modified":"2025-10-14T16:27:33","modified_gmt":"2025-10-14T14:27:33","slug":"registrace","status":"publish","type":"page","link":"https:\/\/test.eprocurement.tv\/pl\/registrace\/","title":{"rendered":"Registrace"},"content":{"rendered":"<style>.kb-row-layout-id4551_0e7ff6-a1 > .kt-row-column-wrap{align-content:start;}:where(.kb-row-layout-id4551_0e7ff6-a1 > .kt-row-column-wrap) > .wp-block-kadence-column{justify-content:start;}.kb-row-layout-id4551_0e7ff6-a1 > .kt-row-column-wrap{column-gap:var(--global-kb-gap-md, 2rem);row-gap:var(--global-kb-gap-md, 2rem);max-width:var(--wp--style--global--content-size);padding-top:var(--global-kb-spacing-sm, 1.5rem);padding-bottom:var(--global-kb-spacing-sm, 1.5rem);grid-template-columns:minmax(0, calc(50% - ((var(--global-kb-gap-md, 2rem) * 1 )\/2)))minmax(0, calc(50% - ((var(--global-kb-gap-md, 2rem) * 1 )\/2)));}.kb-row-layout-id4551_0e7ff6-a1 > .kt-row-layout-overlay{opacity:0.30;}@media all and (max-width: 1024px){.kb-row-layout-id4551_0e7ff6-a1 > .kt-row-column-wrap{grid-template-columns:repeat(2, minmax(0, 1fr));}}@media all and (max-width: 767px){.kb-row-layout-id4551_0e7ff6-a1 > .kt-row-column-wrap{grid-template-columns:minmax(0, 1fr);}}<\/style><div class=\"kb-row-layout-wrap kb-row-layout-id4551_0e7ff6-a1 alignnone wp-block-kadence-rowlayout\"><div class=\"kt-row-column-wrap kt-has-2-columns kt-row-layout-equal kt-tab-layout-inherit kt-mobile-layout-row kt-row-valign-top kb-theme-content-width\">\n<style>.kadence-column4551_545b28-18 > .kt-inside-inner-col{display:flex;}.kadence-column4551_545b28-18 > .kt-inside-inner-col,.kadence-column4551_545b28-18 > .kt-inside-inner-col:before{border-top-left-radius:0px;border-top-right-radius:0px;border-bottom-right-radius:0px;border-bottom-left-radius:0px;}.kadence-column4551_545b28-18 > .kt-inside-inner-col{row-gap:var(--global-kb-gap-sm, 1rem);column-gap:var(--global-kb-gap-sm, 1rem);}.kadence-column4551_545b28-18 > .kt-inside-inner-col{flex-direction:column;}.kadence-column4551_545b28-18 > .kt-inside-inner-col > .aligncenter{width:100%;}.kadence-column4551_545b28-18 > .kt-inside-inner-col:before{opacity:0.3;}.kadence-column4551_545b28-18{position:relative;}@media all and (max-width: 1024px){.kadence-column4551_545b28-18 > .kt-inside-inner-col{flex-direction:column;justify-content:center;}}@media all and (max-width: 767px){.kadence-column4551_545b28-18 > .kt-inside-inner-col{flex-direction:column;justify-content:center;}}<\/style>\n<div class=\"wp-block-kadence-column kadence-column4551_545b28-18\"><div class=\"kt-inside-inner-col\">\n<h3 class=\"wp-block-heading\">Registrace<\/h3>\n\n\n\n            <p class=\"text-left text-sm\">U\u017e m\u00e1te \u00fa\u010det? <a href=\"https:\/\/test.eprocurement.tv\/pl\/prihlaseni\/\" class=\"text-blue hover:!underline font-semibold\">Zaloguj sie<\/a><\/p>\n    \n\n    <form method=\"post\" class=\"woocommerce-form woocommerce-form-register register flex flex-col items-start gap-2\" action=\"\"  >\n\n        \n        \n        <div class=\"flex flex-col gap-2 w-full max-w-sm\">\n            <label for=\"reg_email\" class=\"text-sm\">\n                Adres e-mail&nbsp;<span class=\"required\" aria-hidden=\"true\">*<\/span><span class=\"screen-reader-text\" data-no-translation=\"\" data-trp-gettext=\"\">Wymagane<\/span>\n            <\/label>\n            <input type=\"email\" class=\"bg-white border border-gray-300 text-black text-sm rounded-full focus:ring-blue focus:border-blue block w-full p-2.5\" name=\"email\" id=\"reg_email\" autocomplete=\"email\"\n                   value=\"\" required aria-required=\"true\" \/>                            <p class=\"text-xs mt-1 text-white\/80\" data-no-translation=\"\" data-trp-gettext=\"\">Na adres e-mail zostanie wys\u0142any odno\u015bnik do ustawienia nowego has\u0142a.<\/p>\n                    <\/div>\n\n        \n        <p class=\"!text-xs\">\n            <div class=\"flex flex-col gap-2 w-full max-w-sm\">\n\t\t<label for=\"reg_billing_first_name\" class=\"text-sm\">Imi\u0119 <span class=\"required\">*<\/span><\/label>\n\t\t<input type=\"text\" name=\"billing_first_name\" id=\"reg_billing_first_name\"  class=\"bg-white border border-gray-300 text-black text-sm rounded-full focus:ring-blue focus:border-blue block w-full p-2.5\" value=\"\" required>\n    <\/div>\n\n    <div class=\"flex flex-col gap-2 w-full max-w-sm\">\n\t\t<label for=\"reg_billing_last_name\" class=\"text-sm\">Nazwisko <span class=\"required\">*<\/span><\/label>\n\t\t<input type=\"text\" name=\"billing_last_name\" id=\"reg_billing_last_name\"  class=\"bg-white border border-gray-300 text-black text-sm rounded-full focus:ring-blue focus:border-blue block w-full p-2.5\" value=\"\" required>\n    <\/div>\n\n\t<div class=\"clear\"><\/div>\n\t<wc-order-attribution-inputs><\/wc-order-attribution-inputs><div class=\"woocommerce-privacy-policy-text\"><p>Va\u0161e osobn\u00ed \u00fadaje budou pou\u017eity ke spr\u00e1v\u011b p\u0159\u00edstupu do va\u0161eho \u00fa\u010dtu a k dal\u0161\u00edm \u00fa\u010del\u016fm popsan\u00fdm na str\u00e1nce <a href=\"https:\/\/test.eprocurement.tv\/pl\/ochrana-osobnich-udaju\/\" class=\"woocommerce-privacy-policy-link\" target=\"_blank\" data-no-translation=\"\" data-trp-gettext=\"\">polityka prywatno\u015bci<\/a>.<\/p>\n<\/div>        <\/p>\n        <p class=\"woocommerce-form-row form-row\">\n            <input type=\"hidden\" id=\"woocommerce-register-nonce\" name=\"woocommerce-register-nonce\" value=\"669e685209\" \/><input type=\"hidden\" name=\"_wp_http_referer\" value=\"\/pl\/wp-json\/wp\/v2\/pages\/4551\" \/>            <button type=\"submit\"\n                    class=\"bg-blue hover:bg-miscellaneous rounded-full py-2.5 px-6 text-sm font-semibold cursor-pointer\"\n                    name=\"register\" value=\"Zarejestruj si\u0119\" data-no-translation=\"\" data-trp-gettext=\"\" data-no-translation-value=\"\">Zarejestruj si\u0119<\/button>\n        <\/p>\n\n        \n    <input type=\"hidden\" name=\"trp-form-language\" value=\"pl\"\/><\/form>\n\n    \n<\/div><\/div>\n\n\n<style>.kadence-column4551_7f83c2-1a > .kt-inside-inner-col{display:flex;}.kadence-column4551_7f83c2-1a > .kt-inside-inner-col,.kadence-column4551_7f83c2-1a > .kt-inside-inner-col:before{border-top-left-radius:0px;border-top-right-radius:0px;border-bottom-right-radius:0px;border-bottom-left-radius:0px;}.kadence-column4551_7f83c2-1a > .kt-inside-inner-col{column-gap:var(--global-kb-gap-sm, 1rem);}.kadence-column4551_7f83c2-1a > .kt-inside-inner-col{flex-direction:column;align-items:flex-end;}.kadence-column4551_7f83c2-1a > .kt-inside-inner-col > .kb-image-is-ratio-size{align-self:stretch;}.kadence-column4551_7f83c2-1a > .kt-inside-inner-col > .wp-block-kadence-advancedgallery{align-self:stretch;}.kadence-column4551_7f83c2-1a > .kt-inside-inner-col > .aligncenter{width:100%;}.kadence-column4551_7f83c2-1a > .kt-inside-inner-col:before{opacity:0.3;}.kadence-column4551_7f83c2-1a{position:relative;}.kadence-column4551_7f83c2-1a, .kt-inside-inner-col > .kadence-column4551_7f83c2-1a:not(.specificity){margin-left:0px;}@media all and (max-width: 1024px){.kadence-column4551_7f83c2-1a > .kt-inside-inner-col{flex-direction:column;justify-content:center;align-items:flex-end;}}@media all and (max-width: 767px){.kadence-column4551_7f83c2-1a > .kt-inside-inner-col{flex-direction:column;justify-content:center;align-items:flex-end;}}<\/style>\n<div class=\"wp-block-kadence-column kadence-column4551_7f83c2-1a\"><div class=\"kt-inside-inner-col\">\n<div class=\"wp-block-group has-border-color has-background is-vertical is-layout-flex wp-container-core-group-is-layout-cd4a1ad1 wp-block-group-is-layout-flex\" style=\"border-color:#ffffff80;border-width:1px;border-radius:16px;background-color:#15a6ff1a;padding-top:30px;padding-right:30px;padding-bottom:30px;padding-left:30px\"><style>.kadence-column4551_d7408b-55 > .kt-inside-inner-col{display:flex;}.kadence-column4551_d7408b-55 > .kt-inside-inner-col,.kadence-column4551_d7408b-55 > .kt-inside-inner-col:before{border-top-left-radius:0px;border-top-right-radius:0px;border-bottom-right-radius:0px;border-bottom-left-radius:0px;}.kadence-column4551_d7408b-55 > .kt-inside-inner-col{row-gap:var(--global-kb-gap-none, 0rem );column-gap:var(--global-kb-gap-sm, 1rem);}.kadence-column4551_d7408b-55 > .kt-inside-inner-col{flex-direction:column;}.kadence-column4551_d7408b-55 > .kt-inside-inner-col > .aligncenter{width:100%;}.kadence-column4551_d7408b-55 > .kt-inside-inner-col:before{opacity:0.3;}.kadence-column4551_d7408b-55{position:relative;}@media all and (max-width: 1024px){.kadence-column4551_d7408b-55 > .kt-inside-inner-col{flex-direction:column;justify-content:center;}}@media all and (max-width: 767px){.kadence-column4551_d7408b-55 > .kt-inside-inner-col{flex-direction:column;justify-content:center;}}<\/style>\n<div class=\"wp-block-kadence-column kadence-column4551_d7408b-55\"><div class=\"kt-inside-inner-col\">\n<h4 class=\"wp-block-heading\">Po\u0159i\u010fte si<\/h4>\n\n\n\n<h4 class=\"wp-block-heading has-primary-color has-text-color has-link-color wp-elements-1f36cc33455ba21d1a47f00bd66c1ed7\">p\u0159edplacen\u00fd \u00fa\u010det<\/h4>\n<\/div><\/div>\n\n\n\n<p>Zakoupen\u00edm p\u0159edplacen\u00e9ho \u00fa\u010dtu budete m\u00edt <br>p\u0159\u00edstup ke v\u0161em vide\u00edm a podcast\u016fm v archivu <br>eProcurement TV.<\/p>\n\n\n<style>.wp-block-kadence-advancedbtn.kb-btns4551_10258c-10{gap:var(--global-kb-gap-xs, 0.5rem );justify-content:center;align-items:center;}.kt-btns4551_10258c-10 .kt-button{font-weight:normal;font-style:normal;}.kt-btns4551_10258c-10 .kt-btn-wrap-0{margin-right:5px;}.wp-block-kadence-advancedbtn.kt-btns4551_10258c-10 .kt-btn-wrap-0 .kt-button{color:#555555;border-color:#555555;}.wp-block-kadence-advancedbtn.kt-btns4551_10258c-10 .kt-btn-wrap-0 .kt-button:hover, .wp-block-kadence-advancedbtn.kt-btns4551_10258c-10 .kt-btn-wrap-0 .kt-button:focus{color:#ffffff;border-color:#444444;}.wp-block-kadence-advancedbtn.kt-btns4551_10258c-10 .kt-btn-wrap-0 .kt-button::before{display:none;}.wp-block-kadence-advancedbtn.kt-btns4551_10258c-10 .kt-btn-wrap-0 .kt-button:hover, .wp-block-kadence-advancedbtn.kt-btns4551_10258c-10 .kt-btn-wrap-0 .kt-button:focus{background:#444444;}<\/style>\n<div class=\"wp-block-kadence-advancedbtn kb-buttons-wrap kb-btns4551_10258c-10\"><style>ul.menu .wp-block-kadence-advancedbtn .kb-btn4551_e12829-67.kb-button{width:initial;}.wp-block-kadence-advancedbtn .kb-btn4551_e12829-67.kb-button{color:var(--color-black, #000000);background:var(--color-primary, #FFB606);font-size:var(--global-kb-font-size-sm, 0.9rem);}<\/style><a class=\"kb-button kt-button button kb-btn4551_e12829-67 kt-btn-size-standard kt-btn-width-type-auto kb-btn-global-inherit  kt-btn-has-text-true kt-btn-has-svg-false  wp-block-button__link wp-block-kadence-singlebtn\" href=\"https:\/\/test.eprocurement.tv\/pl\/predplatne\/\"><span class=\"kt-btn-inner-text\">Przejd\u017a do sklepu<\/span><\/a><\/div>\n\n\n<style>.kadence-column4551_694492-28 > .kt-inside-inner-col{display:flex;}.kadence-column4551_694492-28 > .kt-inside-inner-col,.kadence-column4551_694492-28 > .kt-inside-inner-col:before{border-top-left-radius:0px;border-top-right-radius:0px;border-bottom-right-radius:0px;border-bottom-left-radius:0px;}.kadence-column4551_694492-28 > .kt-inside-inner-col{column-gap:var(--global-kb-gap-sm, 1rem);}.kadence-column4551_694492-28 > .kt-inside-inner-col{flex-direction:column;justify-content:center;align-items:center;}.kadence-column4551_694492-28 > .kt-inside-inner-col > .kb-image-is-ratio-size{align-self:stretch;}.kadence-column4551_694492-28 > .kt-inside-inner-col > .wp-block-kadence-advancedgallery{align-self:stretch;}.kadence-column4551_694492-28 > .kt-inside-inner-col > .aligncenter{width:100%;}.kt-row-column-wrap > .kadence-column4551_694492-28{align-self:center;}.kt-inner-column-height-full:not(.kt-has-1-columns) > .wp-block-kadence-column.kadence-column4551_694492-28{align-self:auto;}.kt-inner-column-height-full:not(.kt-has-1-columns) > .wp-block-kadence-column.kadence-column4551_694492-28 > .kt-inside-inner-col{flex-direction:column;justify-content:center;}.kadence-column4551_694492-28 > .kt-inside-inner-col:before{opacity:0.3;}.kadence-column4551_694492-28{position:relative;}@media all and (max-width: 1024px){.kt-row-column-wrap > .kadence-column4551_694492-28{align-self:center;}}@media all and (max-width: 1024px){.kt-inner-column-height-full:not(.kt-has-1-columns) > .wp-block-kadence-column.kadence-column4551_694492-28{align-self:auto;}}@media all and (max-width: 1024px){.kt-inner-column-height-full:not(.kt-has-1-columns) > .wp-block-kadence-column.kadence-column4551_694492-28 > .kt-inside-inner-col{flex-direction:column;justify-content:center;}}@media all and (max-width: 1024px){.kadence-column4551_694492-28 > .kt-inside-inner-col{flex-direction:column;justify-content:center;align-items:center;}}@media all and (max-width: 767px){.kt-row-column-wrap > .kadence-column4551_694492-28{align-self:center;}.kt-inner-column-height-full:not(.kt-has-1-columns) > .wp-block-kadence-column.kadence-column4551_694492-28{align-self:auto;}.kt-inner-column-height-full:not(.kt-has-1-columns) > .wp-block-kadence-column.kadence-column4551_694492-28 > .kt-inside-inner-col{flex-direction:column;justify-content:center;}.kadence-column4551_694492-28 > .kt-inside-inner-col{flex-direction:column;justify-content:center;align-items:center;}}<\/style>\n<div class=\"wp-block-kadence-column kadence-column4551_694492-28\"><div class=\"kt-inside-inner-col\">\n<figure class=\"wp-block-image size-full is-resized\"><img loading=\"lazy\" decoding=\"async\" width=\"498\" height=\"281\" src=\"https:\/\/test.eprocurement.tv\/wp-content\/uploads\/2025\/08\/devices-1.png\" alt=\"\" class=\"wp-image-11555\" style=\"width:350px\" srcset=\"https:\/\/test.eprocurement.tv\/wp-content\/uploads\/2025\/08\/devices-1.png 498w, https:\/\/test.eprocurement.tv\/wp-content\/uploads\/2025\/08\/devices-1-300x169.png 300w, https:\/\/test.eprocurement.tv\/wp-content\/uploads\/2025\/08\/devices-1-18x10.png 18w\" sizes=\"auto, (max-width: 498px) 100vw, 498px\" \/><\/figure>\n<\/div><\/div>\n<\/div>\n<\/div><\/div>\n\n<\/div><\/div>\n\n\n<p><\/p>","protected":false},"excerpt":{"rendered":"<p>Registrace Po\u0159i\u010fte si p\u0159edplacen\u00fd \u00fa\u010det Zakoupen\u00edm p\u0159edplacen\u00e9ho \u00fa\u010dtu budete m\u00edt p\u0159\u00edstup ke v\u0161em vide\u00edm a podcast\u016fm v archivu eProcurement TV.<\/p>","protected":false},"author":5,"featured_media":0,"parent":0,"menu_order":0,"comment_status":"closed","ping_status":"closed","template":"","meta":{"_acf_changed":false,"inline_featured_image":false,"footnotes":""},"class_list":["post-4551","page","type-page","status-publish","hentry"],"acf":[],"_links":{"self":[{"href":"https:\/\/test.eprocurement.tv\/pl\/wp-json\/wp\/v2\/pages\/4551","targetHints":{"allow":["GET"]}}],"collection":[{"href":"https:\/\/test.eprocurement.tv\/pl\/wp-json\/wp\/v2\/pages"}],"about":[{"href":"https:\/\/test.eprocurement.tv\/pl\/wp-json\/wp\/v2\/types\/page"}],"author":[{"embeddable":true,"href":"https:\/\/test.eprocurement.tv\/pl\/wp-json\/wp\/v2\/users\/5"}],"replies":[{"embeddable":true,"href":"https:\/\/test.eprocurement.tv\/pl\/wp-json\/wp\/v2\/comments?post=4551"}],"version-history":[{"count":14,"href":"https:\/\/test.eprocurement.tv\/pl\/wp-json\/wp\/v2\/pages\/4551\/revisions"}],"predecessor-version":[{"id":12130,"href":"https:\/\/test.eprocurement.tv\/pl\/wp-json\/wp\/v2\/pages\/4551\/revisions\/12130"}],"wp:attachment":[{"href":"https:\/\/test.eprocurement.tv\/pl\/wp-json\/wp\/v2\/media?parent=4551"}],"curies":[{"name":"wp","href":"https:\/\/api.w.org\/{rel}","templated":true}]}}