{"id":4674,"date":"2023-10-16T07:08:35","date_gmt":"2023-10-16T05:08:35","guid":{"rendered":"https:\/\/eprocurement.marketing-pardubice.cz\/?page_id=4674"},"modified":"2025-10-08T17:17:44","modified_gmt":"2025-10-08T15:17:44","slug":"prihlaseni","status":"publish","type":"page","link":"https:\/\/test.eprocurement.tv\/pl\/prihlaseni\/","title":{"rendered":"P\u0159ihl\u00e1\u0161en\u00ed"},"content":{"rendered":"<style>.kb-row-layout-id4674_3e936a-97 > .kt-row-column-wrap{align-content:start;}:where(.kb-row-layout-id4674_3e936a-97 > .kt-row-column-wrap) > .wp-block-kadence-column{justify-content:start;}.kb-row-layout-id4674_3e936a-97 > .kt-row-column-wrap{column-gap:var(--global-kb-gap-md, 2rem);row-gap:var(--global-kb-gap-md, 2rem);max-width:var(--wp--style--global--content-size);padding-top:var(--global-kb-spacing-sm, 1.5rem);padding-bottom:var(--global-kb-spacing-sm, 1.5rem);grid-template-columns:minmax(0, calc(50% - ((var(--global-kb-gap-md, 2rem) * 1 )\/2)))minmax(0, calc(50% - ((var(--global-kb-gap-md, 2rem) * 1 )\/2)));}.kb-row-layout-id4674_3e936a-97 > .kt-row-layout-overlay{opacity:0.30;}@media all and (max-width: 1024px){.kb-row-layout-id4674_3e936a-97 > .kt-row-column-wrap{grid-template-columns:repeat(2, minmax(0, 1fr));}}@media all and (max-width: 767px){.kb-row-layout-id4674_3e936a-97 > .kt-row-column-wrap{grid-template-columns:minmax(0, 1fr);}}<\/style><div class=\"kb-row-layout-wrap kb-row-layout-id4674_3e936a-97 alignnone wp-block-kadence-rowlayout\"><div class=\"kt-row-column-wrap kt-has-2-columns kt-row-layout-equal kt-tab-layout-inherit kt-mobile-layout-row kt-row-valign-top kb-theme-content-width\">\n<style>.kadence-column4674_28cefd-d3 > .kt-inside-inner-col{display:flex;}.kadence-column4674_28cefd-d3 > .kt-inside-inner-col,.kadence-column4674_28cefd-d3 > .kt-inside-inner-col:before{border-top-left-radius:0px;border-top-right-radius:0px;border-bottom-right-radius:0px;border-bottom-left-radius:0px;}.kadence-column4674_28cefd-d3 > .kt-inside-inner-col{row-gap:var(--global-kb-gap-sm, 1rem);column-gap:var(--global-kb-gap-sm, 1rem);}.kadence-column4674_28cefd-d3 > .kt-inside-inner-col{flex-direction:column;}.kadence-column4674_28cefd-d3 > .kt-inside-inner-col > .aligncenter{width:100%;}.kadence-column4674_28cefd-d3 > .kt-inside-inner-col:before{opacity:0.3;}.kadence-column4674_28cefd-d3{position:relative;}@media all and (max-width: 1024px){.kadence-column4674_28cefd-d3 > .kt-inside-inner-col{flex-direction:column;justify-content:center;}}@media all and (max-width: 767px){.kadence-column4674_28cefd-d3 > .kt-inside-inner-col{flex-direction:column;justify-content:center;}}<\/style>\n<div class=\"wp-block-kadence-column kadence-column4674_28cefd-d3\"><div class=\"kt-inside-inner-col\">\n<h3 class=\"wp-block-heading\">P\u0159ihl\u00e1\u0161en\u00ed<\/h3>\n\n\n\n            <p class=\"text-left text-sm\">Je\u0161t\u011b nem\u00e1te \u00fa\u010det? <a href=\"https:\/\/test.eprocurement.tv\/pl\/registrace\/\" class=\"text-blue hover:!underline font-semibold\">Nov\u00e1 registrace<\/a><\/p>\n    \n    <form class=\"woocommerce-form woocommerce-form-login login flex flex-col items-start gap-6\" method=\"post\" action=\"\" >\n\n\t\n\t\n\t<div class=\"flex flex-col gap-2 w-full max-w-sm\">\n\t\t<label for=\"username\" class=\"text-sm\">Nazwa u\u017cytkownika lub adres e-mail&nbsp;<span class=\"required\" aria-hidden=\"true\">*<\/span><span class=\"screen-reader-text\" data-no-translation=\"\" data-trp-gettext=\"\">Wymagane<\/span><\/label>\n\t\t<input type=\"text\" class=\"bg-white border border-gray-300 text-black text-sm rounded-full focus:ring-blue focus:border-blue block w-full p-2.5\" name=\"username\" id=\"username\" autocomplete=\"username\" required aria-required=\"true\" \/>\n\t<\/div>\n    <div class=\"flex flex-col gap-2 w-full max-w-sm\">\n\t\t<label for=\"password\" class=\"text-sm\">Has\u0142o&nbsp;<span class=\"required\" aria-hidden=\"true\">*<\/span><span class=\"screen-reader-text\" data-no-translation=\"\" data-trp-gettext=\"\">Wymagane<\/span><\/label>\n\t\t<input class=\"bg-white border border-gray-300 text-black text-sm rounded-full focus:ring-blue focus:border-blue block w-full p-2.5\" type=\"password\" name=\"password\" id=\"password\" autocomplete=\"current-password\" required aria-required=\"true\" \/>\n    <\/div>\n\t<div class=\"clear\"><\/div>\n\n\t\n\t<div class=\"form-row\">\n\t\t<label class=\"flex items-center gap-3 ml-1 text-sm\">\n\t\t\t<input class=\"woocommerce-form__input woocommerce-form__input-checkbox\" name=\"rememberme\" type=\"checkbox\" id=\"rememberme\" value=\"forever\" \/> <span data-no-translation=\"\" data-trp-gettext=\"\">Zapami\u0119taj mnie<\/span>\n\t\t<\/label>\n\t\t<input type=\"hidden\" id=\"woocommerce-login-nonce\" name=\"woocommerce-login-nonce\" value=\"542d538513\" \/><input type=\"hidden\" name=\"_wp_http_referer\" value=\"\/pl\/wp-json\/wp\/v2\/pages\/4674\" \/>        <div class=\"flex items-center gap-2 text-sm\">\n            <svg class=\"size-5\" width=\"26\" height=\"26\" viewbox=\"0 0 26 26\" fill=\"none\" xmlns=\"http:\/\/www.w3.org\/2000\/svg\">\n<path d=\"M13.0188 19.3735C13.3651 19.3735 13.6642 19.2476 13.916 18.9957C14.1681 18.7436 14.2941 18.4421 14.2941 18.0911C14.2941 17.7401 14.1681 17.4418 13.916 17.1963C13.6642 16.9509 13.3634 16.8282 13.0136 16.8282C12.6641 16.8282 12.365 16.9506 12.1163 17.1955C11.8677 17.4405 11.7434 17.7407 11.7434 18.0963C11.7434 18.4438 11.8682 18.7436 12.1177 18.9957C12.3672 19.2476 12.6676 19.3735 13.0188 19.3735ZM11.9241 15.3473H13.9125C13.9125 14.8629 13.9751 14.4324 14.1002 14.056C14.2253 13.6793 14.5791 13.2368 15.1616 12.7283C15.6673 12.2997 16.0411 11.8574 16.2828 11.4015C16.5244 10.9456 16.6452 10.4283 16.6452 9.84966C16.6452 8.84252 16.3234 8.04843 15.6797 7.4674C15.036 6.88638 14.2012 6.59586 13.1753 6.59586C12.2084 6.59586 11.3721 6.85568 10.6663 7.37532C9.96033 7.89496 9.4527 8.56428 9.14341 9.38328L10.9718 10.0747C11.148 9.61575 11.4117 9.23315 11.7629 8.92693C12.1143 8.6207 12.5449 8.46759 13.0548 8.46759C13.5513 8.46759 13.9529 8.61005 14.2594 8.89497C14.5659 9.1797 14.7191 9.53386 14.7191 9.95745C14.7191 10.3007 14.6123 10.6363 14.3989 10.9644C14.1857 11.2925 13.9033 11.6009 13.5518 11.8896C12.953 12.4168 12.5321 12.9105 12.2889 13.3708C12.0457 13.8308 11.9241 14.4897 11.9241 15.3473ZM13.0017 24.2621C11.4462 24.2621 9.98398 23.9678 8.61501 23.3794C7.24604 22.7912 6.05184 21.9873 5.03243 20.9679C4.01301 19.9485 3.20918 18.7547 2.62093 17.3867C2.0325 16.0188 1.73828 14.557 1.73828 13.0013C1.73828 11.4338 2.0325 9.96548 2.62093 8.59651C3.20918 7.22754 4.01247 6.03623 5.0308 5.02259C6.04914 4.00877 7.24261 3.2062 8.61122 2.61488C9.97965 2.02356 11.442 1.72791 12.9982 1.72791C14.5663 1.72791 16.0352 2.0233 17.4049 2.61407C18.7748 3.20485 19.9663 4.0067 20.9794 5.01961C21.9926 6.03253 22.7949 7.22357 23.386 8.59272C23.9769 9.96187 24.2724 11.431 24.2724 13C24.2724 14.5566 23.9768 16.0192 23.3854 17.388C22.7941 18.7568 21.9916 19.9506 20.9777 20.9693C19.9641 21.9878 18.7732 22.7912 17.4052 23.3794C16.0371 23.9678 14.5693 24.2621 13.0017 24.2621ZM13.0003 21.8747C15.4752 21.8747 17.5731 21.0134 19.294 19.2909C21.0147 17.5684 21.875 15.4714 21.875 13C21.875 10.5251 21.0147 8.42724 19.294 6.70636C17.5731 4.98567 15.4735 4.12532 12.9952 4.12532C10.529 4.12532 8.43418 4.98567 6.71078 6.70636C4.98738 8.42724 4.12568 10.5268 4.12568 13.0051C4.12568 15.4713 4.98693 17.5661 6.70943 19.2896C8.43193 21.013 10.5289 21.8747 13.0003 21.8747Z\" fill=\"#15A6FF\"\/>\n<\/svg>\n            <a class=\"text-sm font-bold hover:!underline\" href=\"https:\/\/test.eprocurement.tv\/pl\/muj-ucet\/lost-password\/\" data-no-translation=\"\" data-trp-gettext=\"\">Nie pami\u0119tasz has\u0142a?<\/a>\n        <\/div>\n\t<\/div>\n    <input type=\"hidden\" name=\"redirect\" value=\"https:\/\/test.eprocurement.tv\/pl\/muj-ucet\/\" \/>\n    <button type=\"submit\" class=\"bg-blue hover:bg-miscellaneous rounded-full py-2.5 px-6 text-sm font-semibold cursor-pointer\" name=\"login\" value=\"Logowanie\" data-no-translation-value=\"\">Zaloguj sie<\/button>\n\n\t<div class=\"clear\"><\/div>\n\n\t\n<input type=\"hidden\" name=\"trp-form-language\" value=\"pl\"\/><\/form>\n\n<\/div><\/div>\n\n\n<style>.kadence-column4674_22b7b8-12 > .kt-inside-inner-col{display:flex;}.kadence-column4674_22b7b8-12 > .kt-inside-inner-col,.kadence-column4674_22b7b8-12 > .kt-inside-inner-col:before{border-top-left-radius:0px;border-top-right-radius:0px;border-bottom-right-radius:0px;border-bottom-left-radius:0px;}.kadence-column4674_22b7b8-12 > .kt-inside-inner-col{column-gap:var(--global-kb-gap-sm, 1rem);}.kadence-column4674_22b7b8-12 > .kt-inside-inner-col{flex-direction:column;align-items:flex-end;}.kadence-column4674_22b7b8-12 > .kt-inside-inner-col > .kb-image-is-ratio-size{align-self:stretch;}.kadence-column4674_22b7b8-12 > .kt-inside-inner-col > .wp-block-kadence-advancedgallery{align-self:stretch;}.kadence-column4674_22b7b8-12 > .kt-inside-inner-col > .aligncenter{width:100%;}.kadence-column4674_22b7b8-12 > .kt-inside-inner-col:before{opacity:0.3;}.kadence-column4674_22b7b8-12{position:relative;}.kadence-column4674_22b7b8-12, .kt-inside-inner-col > .kadence-column4674_22b7b8-12:not(.specificity){margin-left:0px;}@media all and (max-width: 1024px){.kadence-column4674_22b7b8-12 > .kt-inside-inner-col{flex-direction:column;justify-content:center;align-items:flex-end;}}@media all and (max-width: 767px){.kadence-column4674_22b7b8-12 > .kt-inside-inner-col{flex-direction:column;justify-content:center;align-items:flex-end;}}<\/style>\n<div class=\"wp-block-kadence-column kadence-column4674_22b7b8-12\"><div class=\"kt-inside-inner-col\">\n<div class=\"wp-block-group has-border-color has-background is-vertical is-layout-flex wp-container-core-group-is-layout-cd4a1ad1 wp-block-group-is-layout-flex\" style=\"border-color:#ffffff80;border-width:1px;border-radius:16px;background-color:#15a6ff1a;padding-top:30px;padding-right:30px;padding-bottom:30px;padding-left:30px\"><style>.kadence-column4674_7c8ea3-0a > .kt-inside-inner-col{display:flex;}.kadence-column4674_7c8ea3-0a > .kt-inside-inner-col,.kadence-column4674_7c8ea3-0a > .kt-inside-inner-col:before{border-top-left-radius:0px;border-top-right-radius:0px;border-bottom-right-radius:0px;border-bottom-left-radius:0px;}.kadence-column4674_7c8ea3-0a > .kt-inside-inner-col{row-gap:var(--global-kb-gap-none, 0rem );column-gap:var(--global-kb-gap-sm, 1rem);}.kadence-column4674_7c8ea3-0a > .kt-inside-inner-col{flex-direction:column;}.kadence-column4674_7c8ea3-0a > .kt-inside-inner-col > .aligncenter{width:100%;}.kadence-column4674_7c8ea3-0a > .kt-inside-inner-col:before{opacity:0.3;}.kadence-column4674_7c8ea3-0a{position:relative;}@media all and (max-width: 1024px){.kadence-column4674_7c8ea3-0a > .kt-inside-inner-col{flex-direction:column;justify-content:center;}}@media all and (max-width: 767px){.kadence-column4674_7c8ea3-0a > .kt-inside-inner-col{flex-direction:column;justify-content:center;}}<\/style>\n<div class=\"wp-block-kadence-column kadence-column4674_7c8ea3-0a\"><div class=\"kt-inside-inner-col\">\n<h4 class=\"wp-block-heading\">Po\u0159i\u010fte si<\/h4>\n\n\n\n<h4 class=\"wp-block-heading has-primary-color has-text-color has-link-color wp-elements-1f36cc33455ba21d1a47f00bd66c1ed7\">p\u0159edplacen\u00fd \u00fa\u010det<\/h4>\n<\/div><\/div>\n\n\n\n<p>Zakoupen\u00edm p\u0159edplacen\u00e9ho \u00fa\u010dtu budete m\u00edt <br>p\u0159\u00edstup ke v\u0161em vide\u00edm a podcast\u016fm v archivu <br>eProcurement TV.<\/p>\n\n\n<style>.wp-block-kadence-advancedbtn.kb-btns4674_07990b-d1{gap:var(--global-kb-gap-xs, 0.5rem );justify-content:center;align-items:center;}.kt-btns4674_07990b-d1 .kt-button{font-weight:normal;font-style:normal;}.kt-btns4674_07990b-d1 .kt-btn-wrap-0{margin-right:5px;}.wp-block-kadence-advancedbtn.kt-btns4674_07990b-d1 .kt-btn-wrap-0 .kt-button{color:#555555;border-color:#555555;}.wp-block-kadence-advancedbtn.kt-btns4674_07990b-d1 .kt-btn-wrap-0 .kt-button:hover, .wp-block-kadence-advancedbtn.kt-btns4674_07990b-d1 .kt-btn-wrap-0 .kt-button:focus{color:#ffffff;border-color:#444444;}.wp-block-kadence-advancedbtn.kt-btns4674_07990b-d1 .kt-btn-wrap-0 .kt-button::before{display:none;}.wp-block-kadence-advancedbtn.kt-btns4674_07990b-d1 .kt-btn-wrap-0 .kt-button:hover, .wp-block-kadence-advancedbtn.kt-btns4674_07990b-d1 .kt-btn-wrap-0 .kt-button:focus{background:#444444;}<\/style>\n<div class=\"wp-block-kadence-advancedbtn kb-buttons-wrap kb-btns4674_07990b-d1\"><style>ul.menu .wp-block-kadence-advancedbtn .kb-btn4674_e25666-fe.kb-button{width:initial;}.wp-block-kadence-advancedbtn .kb-btn4674_e25666-fe.kb-button{color:var(--color-black, #000000);background:var(--color-primary, #FFB606);font-size:var(--global-kb-font-size-sm, 0.9rem);}<\/style><a class=\"kb-button kt-button button kb-btn4674_e25666-fe kt-btn-size-standard kt-btn-width-type-auto kb-btn-global-inherit  kt-btn-has-text-true kt-btn-has-svg-false  wp-block-button__link wp-block-kadence-singlebtn\" href=\"https:\/\/test.eprocurement.tv\/pl\/predplatne\/\"><span class=\"kt-btn-inner-text\">Przejd\u017a do sklepu<\/span><\/a><\/div>\n\n\n<style>.kadence-column4674_2aa0d1-05 > .kt-inside-inner-col{display:flex;}.kadence-column4674_2aa0d1-05 > .kt-inside-inner-col,.kadence-column4674_2aa0d1-05 > .kt-inside-inner-col:before{border-top-left-radius:0px;border-top-right-radius:0px;border-bottom-right-radius:0px;border-bottom-left-radius:0px;}.kadence-column4674_2aa0d1-05 > .kt-inside-inner-col{column-gap:var(--global-kb-gap-sm, 1rem);}.kadence-column4674_2aa0d1-05 > .kt-inside-inner-col{flex-direction:column;justify-content:center;align-items:center;}.kadence-column4674_2aa0d1-05 > .kt-inside-inner-col > .kb-image-is-ratio-size{align-self:stretch;}.kadence-column4674_2aa0d1-05 > .kt-inside-inner-col > .wp-block-kadence-advancedgallery{align-self:stretch;}.kadence-column4674_2aa0d1-05 > .kt-inside-inner-col > .aligncenter{width:100%;}.kt-row-column-wrap > .kadence-column4674_2aa0d1-05{align-self:center;}.kt-inner-column-height-full:not(.kt-has-1-columns) > .wp-block-kadence-column.kadence-column4674_2aa0d1-05{align-self:auto;}.kt-inner-column-height-full:not(.kt-has-1-columns) > .wp-block-kadence-column.kadence-column4674_2aa0d1-05 > .kt-inside-inner-col{flex-direction:column;justify-content:center;}.kadence-column4674_2aa0d1-05 > .kt-inside-inner-col:before{opacity:0.3;}.kadence-column4674_2aa0d1-05{position:relative;}@media all and (max-width: 1024px){.kt-row-column-wrap > .kadence-column4674_2aa0d1-05{align-self:center;}}@media all and (max-width: 1024px){.kt-inner-column-height-full:not(.kt-has-1-columns) > .wp-block-kadence-column.kadence-column4674_2aa0d1-05{align-self:auto;}}@media all and (max-width: 1024px){.kt-inner-column-height-full:not(.kt-has-1-columns) > .wp-block-kadence-column.kadence-column4674_2aa0d1-05 > .kt-inside-inner-col{flex-direction:column;justify-content:center;}}@media all and (max-width: 1024px){.kadence-column4674_2aa0d1-05 > .kt-inside-inner-col{flex-direction:column;justify-content:center;align-items:center;}}@media all and (max-width: 767px){.kt-row-column-wrap > .kadence-column4674_2aa0d1-05{align-self:center;}.kt-inner-column-height-full:not(.kt-has-1-columns) > .wp-block-kadence-column.kadence-column4674_2aa0d1-05{align-self:auto;}.kt-inner-column-height-full:not(.kt-has-1-columns) > .wp-block-kadence-column.kadence-column4674_2aa0d1-05 > .kt-inside-inner-col{flex-direction:column;justify-content:center;}.kadence-column4674_2aa0d1-05 > .kt-inside-inner-col{flex-direction:column;justify-content:center;align-items:center;}}<\/style>\n<div class=\"wp-block-kadence-column kadence-column4674_2aa0d1-05\"><div class=\"kt-inside-inner-col\">\n<figure class=\"wp-block-image size-full is-resized\"><img loading=\"lazy\" decoding=\"async\" width=\"498\" height=\"281\" src=\"https:\/\/test.eprocurement.tv\/wp-content\/uploads\/2025\/08\/devices-1.png\" alt=\"\" class=\"wp-image-11555\" style=\"width:350px\" srcset=\"https:\/\/test.eprocurement.tv\/wp-content\/uploads\/2025\/08\/devices-1.png 498w, https:\/\/test.eprocurement.tv\/wp-content\/uploads\/2025\/08\/devices-1-300x169.png 300w, https:\/\/test.eprocurement.tv\/wp-content\/uploads\/2025\/08\/devices-1-18x10.png 18w\" sizes=\"auto, (max-width: 498px) 100vw, 498px\" \/><\/figure>\n<\/div><\/div>\n<\/div>\n<\/div><\/div>\n\n<\/div><\/div>\n\n\n<p><\/p>","protected":false},"excerpt":{"rendered":"<p>P\u0159ihl\u00e1\u0161en\u00ed Po\u0159i\u010fte si p\u0159edplacen\u00fd \u00fa\u010det Zakoupen\u00edm p\u0159edplacen\u00e9ho \u00fa\u010dtu budete m\u00edt p\u0159\u00edstup ke v\u0161em vide\u00edm a podcast\u016fm v archivu eProcurement TV.<\/p>","protected":false},"author":5,"featured_media":0,"parent":0,"menu_order":0,"comment_status":"closed","ping_status":"closed","template":"","meta":{"_acf_changed":false,"inline_featured_image":false,"footnotes":""},"class_list":["post-4674","page","type-page","status-publish","hentry"],"acf":[],"_links":{"self":[{"href":"https:\/\/test.eprocurement.tv\/pl\/wp-json\/wp\/v2\/pages\/4674","targetHints":{"allow":["GET"]}}],"collection":[{"href":"https:\/\/test.eprocurement.tv\/pl\/wp-json\/wp\/v2\/pages"}],"about":[{"href":"https:\/\/test.eprocurement.tv\/pl\/wp-json\/wp\/v2\/types\/page"}],"author":[{"embeddable":true,"href":"https:\/\/test.eprocurement.tv\/pl\/wp-json\/wp\/v2\/users\/5"}],"replies":[{"embeddable":true,"href":"https:\/\/test.eprocurement.tv\/pl\/wp-json\/wp\/v2\/comments?post=4674"}],"version-history":[{"count":6,"href":"https:\/\/test.eprocurement.tv\/pl\/wp-json\/wp\/v2\/pages\/4674\/revisions"}],"predecessor-version":[{"id":12113,"href":"https:\/\/test.eprocurement.tv\/pl\/wp-json\/wp\/v2\/pages\/4674\/revisions\/12113"}],"wp:attachment":[{"href":"https:\/\/test.eprocurement.tv\/pl\/wp-json\/wp\/v2\/media?parent=4674"}],"curies":[{"name":"wp","href":"https:\/\/api.w.org\/{rel}","templated":true}]}}