{"id":6618,"date":"2023-10-29T10:06:29","date_gmt":"2023-10-29T09:06:29","guid":{"rendered":"https:\/\/eprocurement.marketing-pardubice.cz\/?page_id=6618"},"modified":"2025-11-13T10:13:50","modified_gmt":"2025-11-13T09:13:50","slug":"objednavka-predplatneho","status":"publish","type":"page","link":"https:\/\/test.eprocurement.tv\/pl\/objednavka-predplatneho\/","title":{"rendered":"Objedn\u00e1vka p\u0159edplatn\u00e9ho"},"content":{"rendered":"<p><style>\/*! elementor - v3.17.0 - 25-10-2023 *\/<br \/>\n.elementor-heading-title{padding:0;margin:0;line-height:1}.elementor-widget-heading .elementor-heading-title[class*=elementor-size-]>a{color:inherit;font-size:inherit;line-height:inherit}.elementor-widget-heading .elementor-heading-title.elementor-size-small{font-size:15px}.elementor-widget-heading .elementor-heading-title.elementor-size-medium{font-size:19px}.elementor-widget-heading .elementor-heading-title.elementor-size-large{font-size:29px}.elementor-widget-heading .elementor-heading-title.elementor-size-xl{font-size:39px}.elementor-widget-heading .elementor-heading-title.elementor-size-xxl{font-size:59px}<\/style><\/p>\n\n\n\n<div class=\"wp-block-group is-vertical is-content-justification-center is-layout-flex wp-container-core-group-is-layout-ae60ea13 wp-block-group-is-layout-flex\" style=\"border-style:none;border-width:0px;border-radius:0px;padding-right:10rem;padding-left:10rem\">\n<div class=\"wp-block-group is-nowrap is-layout-flex wp-container-core-group-is-layout-6c531013 wp-block-group-is-layout-flex\" style=\"border-style:none;border-width:0px;border-radius:15px\">\n<div class=\"wp-block-group is-vertical is-layout-flex wp-container-core-group-is-layout-fe9cc265 wp-block-group-is-layout-flex\">\n<h2 class=\"wp-block-heading\">Aktivace p\u0159edplatn\u00e9ho<\/h2>\n\n\n\n<p class=\"has-medium-font-size\"><strong>Tato polo\u017eka je p\u0159\u00edstupn\u00e1 pouze s p\u0159edplacen\u00fdm \u00fa\u010dtem. <\/strong><br><strong>Zvolte si typ p\u0159edplatn\u00e9ho pr\u00e1v\u011b pro V\u00e1s!<\/strong><a href=\"https:\/\/test.eprocurement.tv\/pl\/predplatne\/\"><br><\/a><\/p>\n\n\n\n<p class=\"has-black-color has-primary-background-color has-text-color has-background has-link-color has-small-font-size wp-elements-3f840530576bf85a798f2eb332e04f4d\" style=\"border-style:none;border-width:0px;border-radius:44px\"><a href=\"https:\/\/test.eprocurement.tv\/pl\/predplatne\/\">Nab\u00eddka p\u0159edplatn\u00e9ho<\/a><\/p>\n<\/div>\n\n\n\n<figure class=\"wp-block-image size-full\"><img loading=\"lazy\" decoding=\"async\" width=\"498\" height=\"281\" src=\"https:\/\/test.eprocurement.tv\/wp-content\/uploads\/2025\/08\/devices-1.png\" alt=\"\" class=\"wp-image-11555\" srcset=\"https:\/\/test.eprocurement.tv\/wp-content\/uploads\/2025\/08\/devices-1.png 498w, https:\/\/test.eprocurement.tv\/wp-content\/uploads\/2025\/08\/devices-1-300x169.png 300w, https:\/\/test.eprocurement.tv\/wp-content\/uploads\/2025\/08\/devices-1-18x10.png 18w\" sizes=\"auto, (max-width: 498px) 100vw, 498px\" \/><\/figure>\n<\/div>\n<\/div>\n\n\n\n<p><style>\/*! elementor - v3.17.0 - 25-10-2023 *\/<br \/>\n.elementor-column .elementor-spacer-inner{height:var(--spacer-size)}.e-con{--container-widget-width:100%}.e-con-inner>.elementor-widget-spacer,.e-con>.elementor-widget-spacer{width:var(--container-widget-width,var(--spacer-size));--align-self:var(--container-widget-align-self,initial);--flex-shrink:0}.e-con-inner>.elementor-widget-spacer>.elementor-widget-container,.e-con>.elementor-widget-spacer>.elementor-widget-container{height:100%;width:100%}.e-con-inner>.elementor-widget-spacer>.elementor-widget-container>.elementor-spacer,.e-con>.elementor-widget-spacer>.elementor-widget-container>.elementor-spacer{height:100%}.e-con-inner>.elementor-widget-spacer>.elementor-widget-container>.elementor-spacer>.elementor-spacer-inner,.e-con>.elementor-widget-spacer>.elementor-widget-container>.elementor-spacer>.elementor-spacer-inner{height:var(--container-widget-height,var(--spacer-size))}.e-con-inner>.elementor-widget-spacer.elementor-widget-empty,.e-con>.elementor-widget-spacer.elementor-widget-empty{position:relative;min-height:22px;min-width:22px}.e-con-inner>.elementor-widget-spacer.elementor-widget-empty .elementor-widget-empty-icon,.e-con>.elementor-widget-spacer.elementor-widget-empty .elementor-widget-empty-icon{position:absolute;top:0;bottom:0;left:0;right:0;margin:auto;padding:0;width:22px;height:22px}<\/style><\/p>\n\n\n\n<p><\/p>","protected":false},"excerpt":{"rendered":"<p>Aktivace p\u0159edplatn\u00e9ho Tato polo\u017eka je p\u0159\u00edstupn\u00e1 pouze s p\u0159edplacen\u00fdm \u00fa\u010dtem. Zvolte si typ p\u0159edplatn\u00e9ho pr\u00e1v\u011b pro V\u00e1s! Nab\u00eddka p\u0159edplatn\u00e9ho<\/p>","protected":false},"author":5,"featured_media":0,"parent":0,"menu_order":0,"comment_status":"closed","ping_status":"closed","template":"","meta":{"_acf_changed":false,"inline_featured_image":false,"footnotes":""},"class_list":["post-6618","page","type-page","status-publish","hentry"],"acf":[],"_links":{"self":[{"href":"https:\/\/test.eprocurement.tv\/pl\/wp-json\/wp\/v2\/pages\/6618","targetHints":{"allow":["GET"]}}],"collection":[{"href":"https:\/\/test.eprocurement.tv\/pl\/wp-json\/wp\/v2\/pages"}],"about":[{"href":"https:\/\/test.eprocurement.tv\/pl\/wp-json\/wp\/v2\/types\/page"}],"author":[{"embeddable":true,"href":"https:\/\/test.eprocurement.tv\/pl\/wp-json\/wp\/v2\/users\/5"}],"replies":[{"embeddable":true,"href":"https:\/\/test.eprocurement.tv\/pl\/wp-json\/wp\/v2\/comments?post=6618"}],"version-history":[{"count":38,"href":"https:\/\/test.eprocurement.tv\/pl\/wp-json\/wp\/v2\/pages\/6618\/revisions"}],"predecessor-version":[{"id":12452,"href":"https:\/\/test.eprocurement.tv\/pl\/wp-json\/wp\/v2\/pages\/6618\/revisions\/12452"}],"wp:attachment":[{"href":"https:\/\/test.eprocurement.tv\/pl\/wp-json\/wp\/v2\/media?parent=6618"}],"curies":[{"name":"wp","href":"https:\/\/api.w.org\/{rel}","templated":true}]}}