{"id":10975,"date":"2025-03-02T21:51:56","date_gmt":"2025-03-02T20:51:56","guid":{"rendered":"https:\/\/test.eprocurement.tv\/?post_type=product&#038;p=10975"},"modified":"2025-11-18T10:35:44","modified_gmt":"2025-11-18T09:35:44","slug":"vip-clen","status":"publish","type":"product","link":"https:\/\/test.eprocurement.tv\/pl\/produkt\/vip-clen\/","title":{"rendered":"Firemn\u00ed p\u0159edplatn\u00e9 &#8211; EXTRA"},"content":{"rendered":"<p>(jen pro pot\u0159eby zadavatele, neomezen\u00fd po\u010det u\u017eivatel\u016f)<\/p>","protected":false},"excerpt":{"rendered":"<p>(jen pro pot\u0159eby zadavatele, neomezen\u00fd po\u010det u\u017eivatel\u016f)<\/p>","protected":false},"featured_media":12492,"comment_status":"closed","ping_status":"closed","template":"","meta":{"_acf_changed":false,"inline_featured_image":false},"product_brand":[],"product_cat":[15],"product_tag":[],"class_list":{"0":"post-10975","1":"product","2":"type-product","3":"status-publish","4":"has-post-thumbnail","6":"product_cat-predplatne","8":"first","9":"instock","10":"virtual","11":"taxable","12":"purchasable","13":"product-type-simple"},"acf":[],"_links":{"self":[{"href":"https:\/\/test.eprocurement.tv\/pl\/wp-json\/wp\/v2\/product\/10975","targetHints":{"allow":["GET"]}}],"collection":[{"href":"https:\/\/test.eprocurement.tv\/pl\/wp-json\/wp\/v2\/product"}],"about":[{"href":"https:\/\/test.eprocurement.tv\/pl\/wp-json\/wp\/v2\/types\/product"}],"replies":[{"embeddable":true,"href":"https:\/\/test.eprocurement.tv\/pl\/wp-json\/wp\/v2\/comments?post=10975"}],"wp:featuredmedia":[{"embeddable":true,"href":"https:\/\/test.eprocurement.tv\/pl\/wp-json\/wp\/v2\/media\/12492"}],"wp:attachment":[{"href":"https:\/\/test.eprocurement.tv\/pl\/wp-json\/wp\/v2\/media?parent=10975"}],"wp:term":[{"taxonomy":"product_brand","embeddable":true,"href":"https:\/\/test.eprocurement.tv\/pl\/wp-json\/wp\/v2\/product_brand?post=10975"},{"taxonomy":"product_cat","embeddable":true,"href":"https:\/\/test.eprocurement.tv\/pl\/wp-json\/wp\/v2\/product_cat?post=10975"},{"taxonomy":"product_tag","embeddable":true,"href":"https:\/\/test.eprocurement.tv\/pl\/wp-json\/wp\/v2\/product_tag?post=10975"}],"curies":[{"name":"wp","href":"https:\/\/api.w.org\/{rel}","templated":true}]}}