{"id":10981,"date":"2025-03-02T22:04:30","date_gmt":"2025-03-02T21:04:30","guid":{"rendered":"https:\/\/test.eprocurement.tv\/?post_type=product&#038;p=10981"},"modified":"2025-11-18T10:35:14","modified_gmt":"2025-11-18T09:35:14","slug":"kolektivni-clen-predplatne-1-rok","status":"publish","type":"product","link":"https:\/\/test.eprocurement.tv\/pl\/produkt\/kolektivni-clen-predplatne-1-rok\/","title":{"rendered":"Firemn\u00ed p\u0159edplatn\u00e9 &#8211; kolektivn\u00ed"},"content":{"rendered":"<p>(pro p\u011bt u\u017eivatel\u016f)<\/p>","protected":false},"excerpt":{"rendered":"<p>(pro p\u011bt u\u017eivatel\u016f)<\/p>","protected":false},"featured_media":12493,"comment_status":"closed","ping_status":"closed","template":"","meta":{"_acf_changed":false,"inline_featured_image":false},"product_brand":[],"product_cat":[15],"product_tag":[],"class_list":{"0":"post-10981","1":"product","2":"type-product","3":"status-publish","4":"has-post-thumbnail","6":"product_cat-predplatne","8":"first","9":"instock","10":"virtual","11":"taxable","12":"purchasable","13":"product-type-simple"},"acf":[],"_links":{"self":[{"href":"https:\/\/test.eprocurement.tv\/pl\/wp-json\/wp\/v2\/product\/10981","targetHints":{"allow":["GET"]}}],"collection":[{"href":"https:\/\/test.eprocurement.tv\/pl\/wp-json\/wp\/v2\/product"}],"about":[{"href":"https:\/\/test.eprocurement.tv\/pl\/wp-json\/wp\/v2\/types\/product"}],"replies":[{"embeddable":true,"href":"https:\/\/test.eprocurement.tv\/pl\/wp-json\/wp\/v2\/comments?post=10981"}],"wp:featuredmedia":[{"embeddable":true,"href":"https:\/\/test.eprocurement.tv\/pl\/wp-json\/wp\/v2\/media\/12493"}],"wp:attachment":[{"href":"https:\/\/test.eprocurement.tv\/pl\/wp-json\/wp\/v2\/media?parent=10981"}],"wp:term":[{"taxonomy":"product_brand","embeddable":true,"href":"https:\/\/test.eprocurement.tv\/pl\/wp-json\/wp\/v2\/product_brand?post=10981"},{"taxonomy":"product_cat","embeddable":true,"href":"https:\/\/test.eprocurement.tv\/pl\/wp-json\/wp\/v2\/product_cat?post=10981"},{"taxonomy":"product_tag","embeddable":true,"href":"https:\/\/test.eprocurement.tv\/pl\/wp-json\/wp\/v2\/product_tag?post=10981"}],"curies":[{"name":"wp","href":"https:\/\/api.w.org\/{rel}","templated":true}]}}