{"id":11930,"date":"2025-10-01T12:22:28","date_gmt":"2025-10-01T10:22:28","guid":{"rendered":"https:\/\/test.eprocurement.tv\/?post_type=product&#038;p=11930"},"modified":"2025-11-18T10:34:41","modified_gmt":"2025-11-18T09:34:41","slug":"predplaceny-ucet-na-1-rok","status":"publish","type":"product","link":"https:\/\/test.eprocurement.tv\/pl\/produkt\/predplaceny-ucet-na-1-rok\/","title":{"rendered":"Firemn\u00ed p\u0159edplatn\u00e9 &#8211; z\u00e1kladn\u00ed"},"content":{"rendered":"<p>(pro jednoho u\u017eivatele)<\/p>","protected":false},"excerpt":{"rendered":"<p>(pro jednoho u\u017eivatele)<\/p>","protected":false},"featured_media":12494,"comment_status":"closed","ping_status":"closed","template":"","meta":{"_acf_changed":false,"inline_featured_image":false},"product_brand":[],"product_cat":[15],"product_tag":[],"class_list":{"0":"post-11930","1":"product","2":"type-product","3":"status-publish","4":"has-post-thumbnail","6":"product_cat-predplatne","8":"first","9":"instock","10":"virtual","11":"taxable","12":"purchasable","13":"product-type-simple"},"acf":[],"_links":{"self":[{"href":"https:\/\/test.eprocurement.tv\/pl\/wp-json\/wp\/v2\/product\/11930","targetHints":{"allow":["GET"]}}],"collection":[{"href":"https:\/\/test.eprocurement.tv\/pl\/wp-json\/wp\/v2\/product"}],"about":[{"href":"https:\/\/test.eprocurement.tv\/pl\/wp-json\/wp\/v2\/types\/product"}],"replies":[{"embeddable":true,"href":"https:\/\/test.eprocurement.tv\/pl\/wp-json\/wp\/v2\/comments?post=11930"}],"wp:featuredmedia":[{"embeddable":true,"href":"https:\/\/test.eprocurement.tv\/pl\/wp-json\/wp\/v2\/media\/12494"}],"wp:attachment":[{"href":"https:\/\/test.eprocurement.tv\/pl\/wp-json\/wp\/v2\/media?parent=11930"}],"wp:term":[{"taxonomy":"product_brand","embeddable":true,"href":"https:\/\/test.eprocurement.tv\/pl\/wp-json\/wp\/v2\/product_brand?post=11930"},{"taxonomy":"product_cat","embeddable":true,"href":"https:\/\/test.eprocurement.tv\/pl\/wp-json\/wp\/v2\/product_cat?post=11930"},{"taxonomy":"product_tag","embeddable":true,"href":"https:\/\/test.eprocurement.tv\/pl\/wp-json\/wp\/v2\/product_tag?post=11930"}],"curies":[{"name":"wp","href":"https:\/\/api.w.org\/{rel}","templated":true}]}}