{"id":11976,"date":"2025-10-09T09:35:54","date_gmt":"2025-10-09T07:35:54","guid":{"rendered":"https:\/\/test.eprocurement.tv\/?post_type=product&#038;p=11976"},"modified":"2025-11-18T10:34:10","modified_gmt":"2025-11-18T09:34:10","slug":"rocni-predplatne","status":"publish","type":"product","link":"https:\/\/test.eprocurement.tv\/pl\/produkt\/rocni-predplatne\/","title":{"rendered":"Individu\u00e1ln\u00ed p\u0159edplatn\u00e9"},"content":{"rendered":"<h3 class=\"LC20lb MBeuO DKV0Md\"><\/h3>\n<div class=\"notranslate ESMNde HGLrXd ojE3Fb\">\n<div class=\"q0vns\">\n<div class=\"eqA2re UnOTSe Vwoesf\" aria-hidden=\"true\"><\/div>\n<\/div>\n<\/div>","protected":false},"excerpt":{"rendered":"","protected":false},"featured_media":12495,"comment_status":"closed","ping_status":"closed","template":"","meta":{"_acf_changed":false,"inline_featured_image":false},"product_brand":[],"product_cat":[15],"product_tag":[],"class_list":{"0":"post-11976","1":"product","2":"type-product","3":"status-publish","4":"has-post-thumbnail","6":"product_cat-predplatne","8":"first","9":"instock","10":"virtual","11":"taxable","12":"purchasable","13":"product-type-simple"},"acf":[],"_links":{"self":[{"href":"https:\/\/test.eprocurement.tv\/pl\/wp-json\/wp\/v2\/product\/11976","targetHints":{"allow":["GET"]}}],"collection":[{"href":"https:\/\/test.eprocurement.tv\/pl\/wp-json\/wp\/v2\/product"}],"about":[{"href":"https:\/\/test.eprocurement.tv\/pl\/wp-json\/wp\/v2\/types\/product"}],"replies":[{"embeddable":true,"href":"https:\/\/test.eprocurement.tv\/pl\/wp-json\/wp\/v2\/comments?post=11976"}],"wp:featuredmedia":[{"embeddable":true,"href":"https:\/\/test.eprocurement.tv\/pl\/wp-json\/wp\/v2\/media\/12495"}],"wp:attachment":[{"href":"https:\/\/test.eprocurement.tv\/pl\/wp-json\/wp\/v2\/media?parent=11976"}],"wp:term":[{"taxonomy":"product_brand","embeddable":true,"href":"https:\/\/test.eprocurement.tv\/pl\/wp-json\/wp\/v2\/product_brand?post=11976"},{"taxonomy":"product_cat","embeddable":true,"href":"https:\/\/test.eprocurement.tv\/pl\/wp-json\/wp\/v2\/product_cat?post=11976"},{"taxonomy":"product_tag","embeddable":true,"href":"https:\/\/test.eprocurement.tv\/pl\/wp-json\/wp\/v2\/product_tag?post=11976"}],"curies":[{"name":"wp","href":"https:\/\/api.w.org\/{rel}","templated":true}]}}